{"id":2510,"date":"2025-01-22T22:18:54","date_gmt":"2025-01-22T21:18:54","guid":{"rendered":"https:\/\/hotelceleste.com\/genes\/"},"modified":"2025-02-20T10:11:07","modified_gmt":"2025-02-20T09:11:07","slug":"genes","status":"publish","type":"page","link":"https:\/\/www.hotelceleste.com\/fr\/le-territoire\/genes\/","title":{"rendered":"G\u00eanes"},"content":{"rendered":"\t\t<div data-elementor-type=\"wp-page\" data-elementor-id=\"2510\" class=\"elementor elementor-2510 elementor-1442\" data-elementor-post-type=\"page\">\n\t\t\t\t<div class=\"elementor-element elementor-element-caf5756 e-con-full e-flex e-con e-parent\" data-id=\"caf5756\" data-element_type=\"container\" data-e-type=\"container\" data-settings=\"{&quot;jet_parallax_layout_list&quot;:[]}\">\n\t\t\t\t<div class=\"elementor-element elementor-element-b8a48d6 elementor--h-position-left elementor--v-position-bottom elementor-invisible elementor-widget elementor-widget-slides\" data-id=\"b8a48d6\" data-element_type=\"widget\" data-e-type=\"widget\" data-settings=\"{&quot;navigation&quot;:&quot;none&quot;,&quot;_animation&quot;:&quot;fadeIn&quot;,&quot;transition&quot;:&quot;fade&quot;,&quot;transition_speed&quot;:1000,&quot;autoplay&quot;:&quot;yes&quot;,&quot;autoplay_speed&quot;:5000,&quot;infinite&quot;:&quot;yes&quot;}\" data-widget_type=\"slides.default\">\n\t\t\t\t<div class=\"elementor-widget-container\">\n\t\t\t\t\t\t\t\t\t<div class=\"elementor-swiper\">\n\t\t\t\t\t<div class=\"elementor-slides-wrapper elementor-main-swiper swiper\" role=\"region\" aria-roledescription=\"carousel\" aria-label=\"Slides\" dir=\"ltr\" data-animation=\"\">\n\t\t\t\t<div class=\"swiper-wrapper elementor-slides\">\n\t\t\t\t\t\t\t\t\t\t<div class=\"elementor-repeater-item-30c8878 swiper-slide\" role=\"group\" aria-roledescription=\"slide\"><div class=\"swiper-slide-bg\" role=\"img\" aria-label=\"Genova\"><\/div><div class=\"swiper-slide-inner\" ><div class=\"swiper-slide-contents\"><h2 class=\"elementor-slide-heading\">G\u00eanes<\/h2><div class=\"elementor-slide-description\"><p>itin\u00e9raires touristiques<\/p>\n<\/div><\/div><\/div><\/div><div class=\"elementor-repeater-item-7600e75 swiper-slide\" role=\"group\" aria-roledescription=\"slide\"><div class=\"swiper-slide-bg\" role=\"img\" aria-label=\"Genova\"><\/div><div class=\"swiper-slide-inner\" ><div class=\"swiper-slide-contents\"><h2 class=\"elementor-slide-heading\">G\u00eanes<\/h2><div class=\"elementor-slide-description\"><p>itin\u00e9raires touristiques<\/p>\n<\/div><\/div><\/div><\/div><div class=\"elementor-repeater-item-b3b44f5 swiper-slide\" role=\"group\" aria-roledescription=\"slide\"><div class=\"swiper-slide-bg\" role=\"img\" aria-label=\"Genova\"><\/div><div class=\"swiper-slide-inner\" ><div class=\"swiper-slide-contents\"><h2 class=\"elementor-slide-heading\">G\u00eanes<\/h2><div class=\"elementor-slide-description\"><p>itin\u00e9raires touristiques<\/p>\n<\/div><\/div><\/div><\/div>\t\t\t\t<\/div>\n\t\t\t\t\t\t\t\t\t\t\t\t\t\t\t\t\t\t\t\t\t<\/div>\n\t\t\t\t<\/div>\n\t\t\t\t\t\t\t\t<\/div>\n\t\t\t\t<\/div>\n\t\t\t\t<\/div>\n\t\t<div class=\"elementor-element elementor-element-b91a40b e-con-full sfondo-rombo e-flex e-con e-parent\" data-id=\"b91a40b\" data-element_type=\"container\" data-e-type=\"container\" data-settings=\"{&quot;background_background&quot;:&quot;classic&quot;,&quot;jet_parallax_layout_list&quot;:[]}\">\n\t\t<div class=\"elementor-element elementor-element-925892e e-grid e-con-full e-con e-child\" data-id=\"925892e\" data-element_type=\"container\" data-e-type=\"container\" data-settings=\"{&quot;jet_parallax_layout_list&quot;:[]}\">\n\t\t\t\t<div class=\"elementor-element elementor-element-5eb0fee elementor-widget elementor-widget-image\" data-id=\"5eb0fee\" data-element_type=\"widget\" data-e-type=\"widget\" data-widget_type=\"image.default\">\n\t\t\t\t<div class=\"elementor-widget-container\">\n\t\t\t\t\t\t\t\t\t\t\t\t\t\t\t<img fetchpriority=\"high\" decoding=\"async\" width=\"1200\" height=\"800\" src=\"https:\/\/www.hotelceleste.com\/wp-content\/uploads\/2025\/01\/genova2.webp\" class=\"attachment-full size-full wp-image-2220\" alt=\"\" srcset=\"https:\/\/www.hotelceleste.com\/wp-content\/uploads\/2025\/01\/genova2.webp 1200w, https:\/\/www.hotelceleste.com\/wp-content\/uploads\/2025\/01\/genova2-300x200.webp 300w, https:\/\/www.hotelceleste.com\/wp-content\/uploads\/2025\/01\/genova2-1024x683.webp 1024w, https:\/\/www.hotelceleste.com\/wp-content\/uploads\/2025\/01\/genova2-768x512.webp 768w\" sizes=\"(max-width: 1200px) 100vw, 1200px\" \/>\t\t\t\t\t\t\t\t\t\t\t\t\t\t\t<\/div>\n\t\t\t\t<\/div>\n\t\t<div class=\"elementor-element elementor-element-00c3c79 e-con-full e-flex e-con e-child\" data-id=\"00c3c79\" data-element_type=\"container\" data-e-type=\"container\" data-settings=\"{&quot;jet_parallax_layout_list&quot;:[]}\">\n\t\t\t\t<div class=\"elementor-element elementor-element-25e688f animated-fast elementor-invisible elementor-widget elementor-widget-text-editor\" data-id=\"25e688f\" data-element_type=\"widget\" data-e-type=\"widget\" data-settings=\"{&quot;_animation&quot;:&quot;slideInDown&quot;}\" data-widget_type=\"text-editor.default\">\n\t\t\t\t<div class=\"elementor-widget-container\">\n\t\t\t\t\t\t\t\t\t<p>G\u00eanes<\/p>\t\t\t\t\t\t\t\t<\/div>\n\t\t\t\t<\/div>\n\t\t\t\t<div class=\"elementor-element elementor-element-600be28 elementor-widget__width-initial elementor-invisible elementor-widget elementor-widget-heading\" data-id=\"600be28\" data-element_type=\"widget\" data-e-type=\"widget\" data-settings=\"{&quot;_animation&quot;:&quot;slideInUp&quot;,&quot;_animation_delay&quot;:0}\" data-widget_type=\"heading.default\">\n\t\t\t\t<div class=\"elementor-widget-container\">\n\t\t\t\t\t<h1 class=\"elementor-heading-title elementor-size-default\">Centre historique<\/h1>\t\t\t\t<\/div>\n\t\t\t\t<\/div>\n\t\t\t\t<div class=\"elementor-element elementor-element-bf5471f elementor-widget__width-initial elementor-invisible elementor-widget elementor-widget-text-editor\" data-id=\"bf5471f\" data-element_type=\"widget\" data-e-type=\"widget\" data-settings=\"{&quot;_animation&quot;:&quot;slideInUp&quot;,&quot;_animation_delay&quot;:0}\" data-widget_type=\"text-editor.default\">\n\t\t\t\t<div class=\"elementor-widget-container\">\n\t\t\t\t\t\t\t\t\t<p>Le <strong>centre historique de G\u00eanes<\/strong> est le noyau de la vieille ville organis\u00e9 en un d\u00e9dale de ruelles (caruggi) d&rsquo;origine m\u00e9di\u00e9vale qui s&rsquo;\u00e9tendent &#8211; d&rsquo;est en ouest &#8211; de la colline de Carignano \u00e0 la gare de G\u00eanes Piazza Principe, \u00e0 proximit\u00e9 de ce qui \u00e9tait autrefois le <strong>Palazzo del Principe<\/strong>, r\u00e9sidence de l&rsquo;amiral Andrea Doria.<\/p><p>Compte tenu de l&rsquo;extension du noyau originel de 1,13 km\u00b2 (soit 113 hectares, la superficie des quartiers de Pr\u00e8-Molo- Maddalena), il est parfois consid\u00e9r\u00e9 comme le plus grand centre ancien d&rsquo;Europe. En fait, il s&rsquo;agit d&rsquo;une l\u00e9gende urbaine, car elle est moins \u00e9tendue que, par exemple, Rome (1 430 hectares) et Naples (cette derni\u00e8re, avec ses 1 700 hectares, est la plus grande), mais aussi que Pise elle-m\u00eame (185 hectares). <\/p>\t\t\t\t\t\t\t\t<\/div>\n\t\t\t\t<\/div>\n\t\t\t\t<\/div>\n\t\t\t\t<\/div>\n\t\t\t\t<\/div>\n\t\t<div class=\"elementor-element elementor-element-0fda94a e-con-full sfondo-rombo e-flex e-con e-parent\" data-id=\"0fda94a\" data-element_type=\"container\" data-e-type=\"container\" data-settings=\"{&quot;background_background&quot;:&quot;classic&quot;,&quot;jet_parallax_layout_list&quot;:[]}\">\n\t\t<div class=\"elementor-element elementor-element-a2545cb e-grid e-con-full e-con e-child\" data-id=\"a2545cb\" data-element_type=\"container\" data-e-type=\"container\" data-settings=\"{&quot;jet_parallax_layout_list&quot;:[]}\">\n\t\t<div class=\"elementor-element elementor-element-07d8782 e-con-full e-flex e-con e-child\" data-id=\"07d8782\" data-element_type=\"container\" data-e-type=\"container\" data-settings=\"{&quot;jet_parallax_layout_list&quot;:[]}\">\n\t\t\t\t<div class=\"elementor-element elementor-element-b042ea2 animated-fast elementor-invisible elementor-widget elementor-widget-text-editor\" data-id=\"b042ea2\" data-element_type=\"widget\" data-e-type=\"widget\" data-settings=\"{&quot;_animation&quot;:&quot;slideInDown&quot;}\" data-widget_type=\"text-editor.default\">\n\t\t\t\t<div class=\"elementor-widget-container\">\n\t\t\t\t\t\t\t\t\t<p>G\u00eanes<\/p>\t\t\t\t\t\t\t\t<\/div>\n\t\t\t\t<\/div>\n\t\t\t\t<div class=\"elementor-element elementor-element-8a854a7 elementor-widget__width-initial elementor-invisible elementor-widget elementor-widget-heading\" data-id=\"8a854a7\" data-element_type=\"widget\" data-e-type=\"widget\" data-settings=\"{&quot;_animation&quot;:&quot;slideInUp&quot;,&quot;_animation_delay&quot;:0}\" data-widget_type=\"heading.default\">\n\t\t\t\t<div class=\"elementor-widget-container\">\n\t\t\t\t\t<h1 class=\"elementor-heading-title elementor-size-default\">Aquarium de G\u00eanes<\/h1>\t\t\t\t<\/div>\n\t\t\t\t<\/div>\n\t\t\t\t<div class=\"elementor-element elementor-element-fca68f8 elementor-widget__width-initial elementor-invisible elementor-widget elementor-widget-text-editor\" data-id=\"fca68f8\" data-element_type=\"widget\" data-e-type=\"widget\" data-settings=\"{&quot;_animation&quot;:&quot;slideInUp&quot;,&quot;_animation_delay&quot;:0}\" data-widget_type=\"text-editor.default\">\n\t\t\t\t<div class=\"elementor-widget-container\">\n\t\t\t\t\t\t\t\t\t<p><strong>L&rsquo;aquarium de G\u00eanes est le plus grand aquarium d&rsquo;Italie<\/strong>, le deuxi\u00e8me d&rsquo;Europe, apr\u00e8s celui de Valence en Espagne, et le neuvi\u00e8me du monde. Il est situ\u00e9 \u00e0 Ponte Spinola, dans le vieux port de G\u00eanes datant du XVIe si\u00e8cle. <\/p><p>L&rsquo;aquarium a \u00e9t\u00e9 inaugur\u00e9 en 1992 \u00e0 l&rsquo;occasion de la Colombiadi, l&rsquo;exposition c\u00e9l\u00e9brant le 500e anniversaire de la d\u00e9couverte de l&rsquo;Am\u00e9rique. La conception de la structure et de l&rsquo;espace environnant est l&rsquo;\u0153uvre de l&rsquo;architecte <strong>Renzo Piano<\/strong>, tandis que l&rsquo;am\u00e9nagement int\u00e9rieur est l&rsquo;\u0153uvre de l&rsquo;architecte <strong>Peter Chermayeff<\/strong>. <\/p><p>Il a ensuite \u00e9t\u00e9 agrandi \u00e0 plusieurs reprises. Au moment de son ouverture, il \u00e9tait le <strong>deuxi\u00e8me plus grand aquarium du monde<\/strong>. <br>Depuis son ouverture en 2014, il a accueilli plus de 25 millions de visiteurs, avec une moyenne de 1,2 million par an. <\/p>\t\t\t\t\t\t\t\t<\/div>\n\t\t\t\t<\/div>\n\t\t\t\t<\/div>\n\t\t\t\t<div class=\"elementor-element elementor-element-67ab682 elementor-widget elementor-widget-image\" data-id=\"67ab682\" data-element_type=\"widget\" data-e-type=\"widget\" data-widget_type=\"image.default\">\n\t\t\t\t<div class=\"elementor-widget-container\">\n\t\t\t\t\t\t\t\t\t\t\t\t\t\t\t<img decoding=\"async\" width=\"1024\" height=\"768\" src=\"https:\/\/www.hotelceleste.com\/wp-content\/uploads\/2025\/01\/acquario.jpg\" class=\"attachment-full size-full wp-image-2217\" alt=\"\" srcset=\"https:\/\/www.hotelceleste.com\/wp-content\/uploads\/2025\/01\/acquario.jpg 1024w, https:\/\/www.hotelceleste.com\/wp-content\/uploads\/2025\/01\/acquario-300x225.jpg 300w, https:\/\/www.hotelceleste.com\/wp-content\/uploads\/2025\/01\/acquario-768x576.jpg 768w\" sizes=\"(max-width: 1024px) 100vw, 1024px\" \/>\t\t\t\t\t\t\t\t\t\t\t\t\t\t\t<\/div>\n\t\t\t\t<\/div>\n\t\t\t\t<\/div>\n\t\t\t\t<\/div>\n\t\t<div class=\"elementor-element elementor-element-d806192 e-con-full sfondo-rombo e-flex e-con e-parent\" data-id=\"d806192\" data-element_type=\"container\" data-e-type=\"container\" data-settings=\"{&quot;background_background&quot;:&quot;classic&quot;,&quot;jet_parallax_layout_list&quot;:[]}\">\n\t\t<div class=\"elementor-element elementor-element-3199478 e-grid e-con-full e-con e-child\" data-id=\"3199478\" data-element_type=\"container\" data-e-type=\"container\" data-settings=\"{&quot;jet_parallax_layout_list&quot;:[]}\">\n\t\t\t\t<div class=\"elementor-element elementor-element-7682293 elementor-widget elementor-widget-image\" data-id=\"7682293\" data-element_type=\"widget\" data-e-type=\"widget\" data-widget_type=\"image.default\">\n\t\t\t\t<div class=\"elementor-widget-container\">\n\t\t\t\t\t\t\t\t\t\t\t\t\t\t\t<img decoding=\"async\" width=\"1903\" height=\"1269\" src=\"https:\/\/www.hotelceleste.com\/wp-content\/uploads\/2025\/01\/genova02-1.webp\" class=\"attachment-full size-full wp-image-2214\" alt=\"\" srcset=\"https:\/\/www.hotelceleste.com\/wp-content\/uploads\/2025\/01\/genova02-1.webp 1903w, https:\/\/www.hotelceleste.com\/wp-content\/uploads\/2025\/01\/genova02-1-300x200.webp 300w, https:\/\/www.hotelceleste.com\/wp-content\/uploads\/2025\/01\/genova02-1-1024x683.webp 1024w, https:\/\/www.hotelceleste.com\/wp-content\/uploads\/2025\/01\/genova02-1-768x512.webp 768w, https:\/\/www.hotelceleste.com\/wp-content\/uploads\/2025\/01\/genova02-1-1536x1024.webp 1536w\" sizes=\"(max-width: 1903px) 100vw, 1903px\" \/>\t\t\t\t\t\t\t\t\t\t\t\t\t\t\t<\/div>\n\t\t\t\t<\/div>\n\t\t<div class=\"elementor-element elementor-element-b54249e e-con-full e-flex e-con e-child\" data-id=\"b54249e\" data-element_type=\"container\" data-e-type=\"container\" data-settings=\"{&quot;jet_parallax_layout_list&quot;:[]}\">\n\t\t\t\t<div class=\"elementor-element elementor-element-e6220a4 animated-fast elementor-invisible elementor-widget elementor-widget-text-editor\" data-id=\"e6220a4\" data-element_type=\"widget\" data-e-type=\"widget\" data-settings=\"{&quot;_animation&quot;:&quot;slideInDown&quot;}\" data-widget_type=\"text-editor.default\">\n\t\t\t\t<div class=\"elementor-widget-container\">\n\t\t\t\t\t\t\t\t\t<p>G\u00eanes<\/p>\t\t\t\t\t\t\t\t<\/div>\n\t\t\t\t<\/div>\n\t\t\t\t<div class=\"elementor-element elementor-element-f0572d4 elementor-widget__width-initial elementor-invisible elementor-widget elementor-widget-heading\" data-id=\"f0572d4\" data-element_type=\"widget\" data-e-type=\"widget\" data-settings=\"{&quot;_animation&quot;:&quot;slideInUp&quot;,&quot;_animation_delay&quot;:0}\" data-widget_type=\"heading.default\">\n\t\t\t\t<div class=\"elementor-widget-container\">\n\t\t\t\t\t<h1 class=\"elementor-heading-title elementor-size-default\">Le Vieux Port<\/h1>\t\t\t\t<\/div>\n\t\t\t\t<\/div>\n\t\t\t\t<div class=\"elementor-element elementor-element-bcf1075 elementor-widget__width-initial elementor-invisible elementor-widget elementor-widget-text-editor\" data-id=\"bcf1075\" data-element_type=\"widget\" data-e-type=\"widget\" data-settings=\"{&quot;_animation&quot;:&quot;slideInUp&quot;,&quot;_animation_delay&quot;:0}\" data-widget_type=\"text-editor.default\">\n\t\t\t\t<div class=\"elementor-widget-container\">\n\t\t\t\t\t\t\t\t\t<p>Son r\u00e9am\u00e9nagement a \u00e9t\u00e9 achev\u00e9 au d\u00e9but des ann\u00e9es 1990 sur le site de ce qui \u00e9tait autrefois le c\u0153ur de l&rsquo;activit\u00e9 portuaire &#8211; le Royaume des Camalli qui faisaient partie de la compagnie Caravana &#8211; et qui \u00e9tait rest\u00e9 inutilis\u00e9 pendant de nombreuses d\u00e9cennies.<\/p><p>Aujourd&rsquo;hui, ses criques, qui se succ\u00e8dent sans interruption, m\u00eame si elles portent des noms diff\u00e9rents, forment la <strong>zone de Porto Antico<\/strong>, une vaste place donnant sur la mer, dans laquelle, outre l&rsquo;<strong>aquarium<\/strong>, on trouve de nombreux <strong>points d&rsquo;int\u00e9r\u00eat artistique<\/strong>, <strong>mus\u00e9al, touristique, festif et de divertissement<\/strong>, sur une surface de plus de 230 000 m\u00e8tres carr\u00e9s, ce qui en fait <strong>la plus grande place de la ville<\/strong>, devant la Piazza della Vittoria, et la plus importante avec elle et la Piazza De Ferrari.<\/p>\t\t\t\t\t\t\t\t<\/div>\n\t\t\t\t<\/div>\n\t\t\t\t<\/div>\n\t\t\t\t<\/div>\n\t\t\t\t<\/div>\n\t\t\t\t<\/div>\n\t\t","protected":false},"excerpt":{"rendered":"<p>G\u00eanes itin\u00e9raires touristiques G\u00eanes itin\u00e9raires touristiques G\u00eanes itin\u00e9raires touristiques G\u00eanes Centre historique Le centre historique de G\u00eanes est le noyau de la vieille ville organis\u00e9 en un d\u00e9dale de ruelles (caruggi) d&rsquo;origine m\u00e9di\u00e9vale qui s&rsquo;\u00e9tendent &#8211; d&rsquo;est en ouest &#8211; de la colline de Carignano \u00e0 la gare de G\u00eanes Piazza Principe, \u00e0 proximit\u00e9 de [&hellip;]<\/p>\n","protected":false},"author":1,"featured_media":2145,"parent":2535,"menu_order":0,"comment_status":"closed","ping_status":"closed","template":"","meta":{"footnotes":""},"class_list":["post-2510","page","type-page","status-publish","has-post-thumbnail","hentry"],"_links":{"self":[{"href":"https:\/\/www.hotelceleste.com\/fr\/wp-json\/wp\/v2\/pages\/2510","targetHints":{"allow":["GET"]}}],"collection":[{"href":"https:\/\/www.hotelceleste.com\/fr\/wp-json\/wp\/v2\/pages"}],"about":[{"href":"https:\/\/www.hotelceleste.com\/fr\/wp-json\/wp\/v2\/types\/page"}],"author":[{"embeddable":true,"href":"https:\/\/www.hotelceleste.com\/fr\/wp-json\/wp\/v2\/users\/1"}],"replies":[{"embeddable":true,"href":"https:\/\/www.hotelceleste.com\/fr\/wp-json\/wp\/v2\/comments?post=2510"}],"version-history":[{"count":5,"href":"https:\/\/www.hotelceleste.com\/fr\/wp-json\/wp\/v2\/pages\/2510\/revisions"}],"predecessor-version":[{"id":2816,"href":"https:\/\/www.hotelceleste.com\/fr\/wp-json\/wp\/v2\/pages\/2510\/revisions\/2816"}],"up":[{"embeddable":true,"href":"https:\/\/www.hotelceleste.com\/fr\/wp-json\/wp\/v2\/pages\/2535"}],"wp:featuredmedia":[{"embeddable":true,"href":"https:\/\/www.hotelceleste.com\/fr\/wp-json\/wp\/v2\/media\/2145"}],"wp:attachment":[{"href":"https:\/\/www.hotelceleste.com\/fr\/wp-json\/wp\/v2\/media?parent=2510"}],"curies":[{"name":"wp","href":"https:\/\/api.w.org\/{rel}","templated":true}]}}