{"id":2383,"date":"2025-02-10T15:41:36","date_gmt":"2025-02-10T14:41:36","guid":{"rendered":"https:\/\/hotelceleste.com\/restaurant-a-la-carte-mapi\/"},"modified":"2025-11-20T17:43:30","modified_gmt":"2025-11-20T16:43:30","slug":"restaurant-a-la-carte-mapi","status":"publish","type":"page","link":"https:\/\/www.hotelceleste.com\/fr\/restaurant-a-la-carte-mapi\/","title":{"rendered":"Restaurant \u00e0 la carte Mapi"},"content":{"rendered":"\t\t<div data-elementor-type=\"wp-page\" data-elementor-id=\"2383\" class=\"elementor elementor-2383 elementor-1739\" data-elementor-post-type=\"page\">\n\t\t\t\t<div class=\"elementor-element elementor-element-1aefebf e-con-full e-flex e-con e-parent\" data-id=\"1aefebf\" data-element_type=\"container\" data-e-type=\"container\" data-settings=\"{&quot;jet_parallax_layout_list&quot;:[]}\">\n\t\t\t\t<div class=\"elementor-element elementor-element-6aa8639 elementor--h-position-left elementor--v-position-bottom elementor-invisible elementor-widget elementor-widget-slides\" data-id=\"6aa8639\" data-element_type=\"widget\" data-e-type=\"widget\" data-settings=\"{&quot;navigation&quot;:&quot;none&quot;,&quot;_animation&quot;:&quot;fadeIn&quot;,&quot;transition&quot;:&quot;fade&quot;,&quot;transition_speed&quot;:1000,&quot;autoplay&quot;:&quot;yes&quot;,&quot;autoplay_speed&quot;:5000,&quot;infinite&quot;:&quot;yes&quot;}\" data-widget_type=\"slides.default\">\n\t\t\t\t<div class=\"elementor-widget-container\">\n\t\t\t\t\t\t\t\t\t<div class=\"elementor-swiper\">\n\t\t\t\t\t<div class=\"elementor-slides-wrapper elementor-main-swiper swiper\" role=\"region\" aria-roledescription=\"carousel\" aria-label=\"Slides\" dir=\"ltr\" data-animation=\"\">\n\t\t\t\t<div class=\"swiper-wrapper elementor-slides\">\n\t\t\t\t\t\t\t\t\t\t<div class=\"elementor-repeater-item-7600e75 swiper-slide\" role=\"group\" aria-roledescription=\"slide\"><div class=\"swiper-slide-bg\" role=\"img\" aria-label=\"piatto\"><\/div><div class=\"swiper-slide-inner\" ><div class=\"swiper-slide-contents\"><h2 class=\"elementor-slide-heading\">Restaurant Mapi<\/h2><div class=\"elementor-slide-description\"><p>des saveurs uniques et la beaut\u00e9 du front de mer<\/p>\n<\/div><\/div><\/div><\/div><div class=\"elementor-repeater-item-a6da288 swiper-slide\" role=\"group\" aria-roledescription=\"slide\"><div class=\"swiper-slide-bg\" role=\"img\" aria-label=\"tagliatelle al pesto gourmet\"><\/div><div class=\"swiper-slide-inner\" ><div class=\"swiper-slide-contents\"><h2 class=\"elementor-slide-heading\">Restaurant Mapi<\/h2><div class=\"elementor-slide-description\"><p>des saveurs uniques et la beaut\u00e9 du front de mer<\/p>\n<\/div><\/div><\/div><\/div><div class=\"elementor-repeater-item-b3b44f5 swiper-slide\" role=\"group\" aria-roledescription=\"slide\"><div class=\"swiper-slide-bg\" role=\"img\" aria-label=\"Ristorante\"><\/div><div class=\"swiper-slide-inner\" ><div class=\"swiper-slide-contents\"><h2 class=\"elementor-slide-heading\">Restaurant Mapi<\/h2><div class=\"elementor-slide-description\"><p>des saveurs uniques et la beaut\u00e9 du front de mer<\/p>\n<\/div><\/div><\/div><\/div>\t\t\t\t<\/div>\n\t\t\t\t\t\t\t\t\t\t\t\t\t\t\t\t\t\t\t\t\t<\/div>\n\t\t\t\t<\/div>\n\t\t\t\t\t\t\t\t<\/div>\n\t\t\t\t<\/div>\n\t\t\t\t<\/div>\n\t\t<div class=\"elementor-element elementor-element-a4ab379 e-con-full sfondo-rombo e-flex e-con e-parent\" data-id=\"a4ab379\" data-element_type=\"container\" data-e-type=\"container\" data-settings=\"{&quot;background_background&quot;:&quot;classic&quot;,&quot;jet_parallax_layout_list&quot;:[]}\">\n\t\t<div class=\"elementor-element elementor-element-b830c23 e-grid e-con-full e-con e-child\" data-id=\"b830c23\" data-element_type=\"container\" data-e-type=\"container\" data-settings=\"{&quot;jet_parallax_layout_list&quot;:[]}\">\n\t\t\t\t<div class=\"elementor-element elementor-element-452394b elementor-widget elementor-widget-image\" data-id=\"452394b\" data-element_type=\"widget\" data-e-type=\"widget\" data-widget_type=\"image.default\">\n\t\t\t\t<div class=\"elementor-widget-container\">\n\t\t\t\t\t\t\t\t\t\t\t\t\t\t\t<img fetchpriority=\"high\" decoding=\"async\" width=\"1000\" height=\"666\" src=\"https:\/\/www.hotelceleste.com\/wp-content\/uploads\/2025\/01\/ristorante01.jpg\" class=\"attachment-full size-full wp-image-2106\" alt=\"\" srcset=\"https:\/\/www.hotelceleste.com\/wp-content\/uploads\/2025\/01\/ristorante01.jpg 1000w, https:\/\/www.hotelceleste.com\/wp-content\/uploads\/2025\/01\/ristorante01-300x200.jpg 300w, https:\/\/www.hotelceleste.com\/wp-content\/uploads\/2025\/01\/ristorante01-768x511.jpg 768w\" sizes=\"(max-width: 1000px) 100vw, 1000px\" \/>\t\t\t\t\t\t\t\t\t\t\t\t\t\t\t<\/div>\n\t\t\t\t<\/div>\n\t\t<div class=\"elementor-element elementor-element-ca4d566 e-con-full e-flex e-con e-child\" data-id=\"ca4d566\" data-element_type=\"container\" data-e-type=\"container\" data-settings=\"{&quot;jet_parallax_layout_list&quot;:[]}\">\n\t\t\t\t<div class=\"elementor-element elementor-element-c07d289 animated-fast elementor-invisible elementor-widget elementor-widget-text-editor\" data-id=\"c07d289\" data-element_type=\"widget\" data-e-type=\"widget\" data-settings=\"{&quot;_animation&quot;:&quot;slideInDown&quot;}\" data-widget_type=\"text-editor.default\">\n\t\t\t\t<div class=\"elementor-widget-container\">\n\t\t\t\t\t\t\t\t\t<p>saveurs<\/p>\t\t\t\t\t\t\t\t<\/div>\n\t\t\t\t<\/div>\n\t\t\t\t<div class=\"elementor-element elementor-element-a7267b5 elementor-widget__width-initial elementor-invisible elementor-widget elementor-widget-heading\" data-id=\"a7267b5\" data-element_type=\"widget\" data-e-type=\"widget\" data-settings=\"{&quot;_animation&quot;:&quot;slideInUp&quot;,&quot;_animation_delay&quot;:0}\" data-widget_type=\"heading.default\">\n\t\t\t\t<div class=\"elementor-widget-container\">\n\t\t\t\t\t<h1 class=\"elementor-heading-title elementor-size-default\">Les saveurs de la Ligurie \u00e0 deux pas de la mer<\/h1>\t\t\t\t<\/div>\n\t\t\t\t<\/div>\n\t\t\t\t<div class=\"elementor-element elementor-element-5ecb927 elementor-widget__width-initial elementor-invisible elementor-widget elementor-widget-text-editor\" data-id=\"5ecb927\" data-element_type=\"widget\" data-e-type=\"widget\" data-settings=\"{&quot;_animation&quot;:&quot;slideInUp&quot;,&quot;_animation_delay&quot;:0}\" data-widget_type=\"text-editor.default\">\n\t\t\t\t<div class=\"elementor-widget-container\">\n\t\t\t\t\t\t\t\t\t<p><span style=\"font-weight: 400;\">Pour rendre votre s\u00e9jour encore plus sp\u00e9cial, le <strong>restaurant Mapi<\/strong> vous accueille dans le <\/span><span style=\"font-weight: 400;\">charmant <\/span> <span style=\"font-weight: 400;\">front de mer de Sestri Levante. L&#8217;emplacement<\/span>  offre une double solution : le dehor de l&rsquo;h\u00f4tel et la terrasse de l&rsquo;\u00e9tablissement de bains. Tous deux b\u00e9n\u00e9ficient d&rsquo;une <strong>vue directe sur la mer et sur le coucher de soleil<\/strong> qui se d\u00e9roule derri\u00e8re la montagne de Portofino.<\/p><p><span style=\"font-weight: 400;\">Le chef <strong>Pietro Repetto<\/strong> y s\u00e9lectionne les ingr\u00e9dients locaux les plus frais pour raconter l&rsquo;histoire de la <strong>tradition gastronomique et vinicole de la Ligurie<\/strong> dans ses plats, entre innovation et tradition.<\/span><\/p>\t\t\t\t\t\t\t\t<\/div>\n\t\t\t\t<\/div>\n\t\t\t\t<div class=\"elementor-element elementor-element-6cbae72 animated-fast elementor-invisible elementor-widget elementor-widget-button\" data-id=\"6cbae72\" data-element_type=\"widget\" data-e-type=\"widget\" data-settings=\"{&quot;_animation&quot;:&quot;slideInUp&quot;,&quot;_animation_delay&quot;:500}\" data-widget_type=\"button.default\">\n\t\t\t\t<div class=\"elementor-widget-container\">\n\t\t\t\t\t\t\t\t\t<div class=\"elementor-button-wrapper\">\n\t\t\t\t\t<a class=\"elementor-button elementor-button-link elementor-size-sm\" href=\"https:\/\/www.mapidrinkandfood.com\/\" target=\"_blank\" rel=\"noopener\">\n\t\t\t\t\t\t<span class=\"elementor-button-content-wrapper\">\n\t\t\t\t\t\t\t\t\t<span class=\"elementor-button-text\">en savoir plus<\/span>\n\t\t\t\t\t<\/span>\n\t\t\t\t\t<\/a>\n\t\t\t\t<\/div>\n\t\t\t\t\t\t\t\t<\/div>\n\t\t\t\t<\/div>\n\t\t\t\t<\/div>\n\t\t\t\t<\/div>\n\t\t\t\t<\/div>\n\t\t<div class=\"elementor-element elementor-element-bd7aef0 e-con-full e-flex e-con e-parent\" data-id=\"bd7aef0\" data-element_type=\"container\" data-e-type=\"container\" data-settings=\"{&quot;jet_parallax_layout_list&quot;:[]}\">\n\t\t\t\t<div class=\"elementor-element elementor-element-5a1b796 elementor-widget elementor-widget-image\" data-id=\"5a1b796\" data-element_type=\"widget\" data-e-type=\"widget\" data-widget_type=\"image.default\">\n\t\t\t\t<div class=\"elementor-widget-container\">\n\t\t\t\t\t\t\t\t\t\t\t\t\t\t\t<img decoding=\"async\" width=\"1903\" height=\"1012\" src=\"https:\/\/www.hotelceleste.com\/wp-content\/uploads\/2025\/01\/fascia-ristorante.webp\" class=\"attachment-full size-full wp-image-2109\" alt=\"\" srcset=\"https:\/\/www.hotelceleste.com\/wp-content\/uploads\/2025\/01\/fascia-ristorante.webp 1903w, https:\/\/www.hotelceleste.com\/wp-content\/uploads\/2025\/01\/fascia-ristorante-300x160.webp 300w, https:\/\/www.hotelceleste.com\/wp-content\/uploads\/2025\/01\/fascia-ristorante-1024x545.webp 1024w, https:\/\/www.hotelceleste.com\/wp-content\/uploads\/2025\/01\/fascia-ristorante-768x408.webp 768w, https:\/\/www.hotelceleste.com\/wp-content\/uploads\/2025\/01\/fascia-ristorante-1536x817.webp 1536w\" sizes=\"(max-width: 1903px) 100vw, 1903px\" \/>\t\t\t\t\t\t\t\t\t\t\t\t\t\t\t<\/div>\n\t\t\t\t<\/div>\n\t\t\t\t<\/div>\n\t\t\t\t<\/div>\n\t\t","protected":false},"excerpt":{"rendered":"<p>Restaurant Mapi des saveurs uniques et la beaut\u00e9 du front de mer Restaurant Mapi des saveurs uniques et la beaut\u00e9 du front de mer Restaurant Mapi des saveurs uniques et la beaut\u00e9 du front de mer saveurs Les saveurs de la Ligurie \u00e0 deux pas de la mer Pour rendre votre s\u00e9jour encore plus sp\u00e9cial, [&hellip;]<\/p>\n","protected":false},"author":1,"featured_media":17769,"parent":0,"menu_order":0,"comment_status":"closed","ping_status":"closed","template":"","meta":{"footnotes":""},"class_list":["post-2383","page","type-page","status-publish","has-post-thumbnail","hentry"],"_links":{"self":[{"href":"https:\/\/www.hotelceleste.com\/fr\/wp-json\/wp\/v2\/pages\/2383","targetHints":{"allow":["GET"]}}],"collection":[{"href":"https:\/\/www.hotelceleste.com\/fr\/wp-json\/wp\/v2\/pages"}],"about":[{"href":"https:\/\/www.hotelceleste.com\/fr\/wp-json\/wp\/v2\/types\/page"}],"author":[{"embeddable":true,"href":"https:\/\/www.hotelceleste.com\/fr\/wp-json\/wp\/v2\/users\/1"}],"replies":[{"embeddable":true,"href":"https:\/\/www.hotelceleste.com\/fr\/wp-json\/wp\/v2\/comments?post=2383"}],"version-history":[{"count":6,"href":"https:\/\/www.hotelceleste.com\/fr\/wp-json\/wp\/v2\/pages\/2383\/revisions"}],"predecessor-version":[{"id":17852,"href":"https:\/\/www.hotelceleste.com\/fr\/wp-json\/wp\/v2\/pages\/2383\/revisions\/17852"}],"wp:featuredmedia":[{"embeddable":true,"href":"https:\/\/www.hotelceleste.com\/fr\/wp-json\/wp\/v2\/media\/17769"}],"wp:attachment":[{"href":"https:\/\/www.hotelceleste.com\/fr\/wp-json\/wp\/v2\/media?parent=2383"}],"curies":[{"name":"wp","href":"https:\/\/api.w.org\/{rel}","templated":true}]}}