{"id":2365,"date":"2025-02-10T15:40:50","date_gmt":"2025-02-10T14:40:50","guid":{"rendered":"https:\/\/hotelceleste.com\/petit-dejeuner-demi-pension-pension-complete\/"},"modified":"2025-11-20T17:35:11","modified_gmt":"2025-11-20T16:35:11","slug":"petit-dejeuner-demi-pension-pension-complete","status":"publish","type":"page","link":"https:\/\/www.hotelceleste.com\/fr\/petit-dejeuner-demi-pension-pension-complete\/","title":{"rendered":"Petit-d\u00e9jeuner, demi-pension, pension compl\u00e8te"},"content":{"rendered":"\t\t<div data-elementor-type=\"wp-page\" data-elementor-id=\"2365\" class=\"elementor elementor-2365 elementor-1737\" data-elementor-post-type=\"page\">\n\t\t\t\t<div class=\"elementor-element elementor-element-0c8d3eb e-con-full e-flex e-con e-parent\" data-id=\"0c8d3eb\" data-element_type=\"container\" data-e-type=\"container\" data-settings=\"{&quot;jet_parallax_layout_list&quot;:[]}\">\n\t\t\t\t<div class=\"elementor-element elementor-element-0d0d327 elementor--h-position-left elementor--v-position-bottom elementor-invisible elementor-widget elementor-widget-slides\" data-id=\"0d0d327\" data-element_type=\"widget\" data-e-type=\"widget\" data-settings=\"{&quot;navigation&quot;:&quot;none&quot;,&quot;_animation&quot;:&quot;fadeIn&quot;,&quot;transition&quot;:&quot;fade&quot;,&quot;transition_speed&quot;:1000,&quot;autoplay&quot;:&quot;yes&quot;,&quot;autoplay_speed&quot;:5000,&quot;infinite&quot;:&quot;yes&quot;}\" data-widget_type=\"slides.default\">\n\t\t\t\t<div class=\"elementor-widget-container\">\n\t\t\t\t\t\t\t\t\t<div class=\"elementor-swiper\">\n\t\t\t\t\t<div class=\"elementor-slides-wrapper elementor-main-swiper swiper\" role=\"region\" aria-roledescription=\"carousel\" aria-label=\"Slides\" dir=\"ltr\" data-animation=\"\">\n\t\t\t\t<div class=\"swiper-wrapper elementor-slides\">\n\t\t\t\t\t\t\t\t\t\t<div class=\"elementor-repeater-item-7600e75 swiper-slide\" role=\"group\" aria-roledescription=\"slide\"><div class=\"swiper-slide-bg\" role=\"img\" aria-label=\"Sala colazioni\"><\/div><div class=\"swiper-slide-inner\" ><div class=\"swiper-slide-contents\"><h2 class=\"elementor-slide-heading\">Restaurant<\/h2><div class=\"elementor-slide-description\"><p>Petit-d\u00e9jeuner, demi-pension, pension compl\u00e8te<\/p>\n<\/div><\/div><\/div><\/div><div class=\"elementor-repeater-item-5ee3d65 swiper-slide\" role=\"group\" aria-roledescription=\"slide\"><div class=\"swiper-slide-bg\" role=\"img\" aria-label=\"Colazione\"><\/div><div class=\"swiper-slide-inner\" ><div class=\"swiper-slide-contents\"><h2 class=\"elementor-slide-heading\">Restaurant<\/h2><div class=\"elementor-slide-description\"><p>Petit-d\u00e9jeuner, demi-pension, pension compl\u00e8te<\/p>\n<\/div><\/div><\/div><\/div><div class=\"elementor-repeater-item-732abab swiper-slide\" role=\"group\" aria-roledescription=\"slide\"><div class=\"swiper-slide-bg\" role=\"img\" aria-label=\"Sala colazioni\"><\/div><div class=\"swiper-slide-inner\" ><div class=\"swiper-slide-contents\"><h2 class=\"elementor-slide-heading\">Restaurant<\/h2><div class=\"elementor-slide-description\"><p>Petit-d\u00e9jeuner, demi-pension, pension compl\u00e8te<\/p>\n<\/div><\/div><\/div><\/div>\t\t\t\t<\/div>\n\t\t\t\t\t\t\t\t\t\t\t\t\t\t\t\t\t\t\t\t\t<\/div>\n\t\t\t\t<\/div>\n\t\t\t\t\t\t\t\t<\/div>\n\t\t\t\t<\/div>\n\t\t\t\t<\/div>\n\t\t<div class=\"elementor-element elementor-element-9ca8110 e-con-full sfondo-rombo e-flex e-con e-parent\" data-id=\"9ca8110\" data-element_type=\"container\" data-e-type=\"container\" data-settings=\"{&quot;background_background&quot;:&quot;classic&quot;,&quot;jet_parallax_layout_list&quot;:[]}\">\n\t\t<div class=\"elementor-element elementor-element-b6a033c e-grid e-con-full e-con e-child\" data-id=\"b6a033c\" data-element_type=\"container\" data-e-type=\"container\" data-settings=\"{&quot;jet_parallax_layout_list&quot;:[]}\">\n\t\t<div class=\"elementor-element elementor-element-0694d5b e-con-full e-flex e-con e-child\" data-id=\"0694d5b\" data-element_type=\"container\" data-e-type=\"container\" data-settings=\"{&quot;jet_parallax_layout_list&quot;:[]}\">\n\t\t\t\t<div class=\"elementor-element elementor-element-938875f animated-fast elementor-invisible elementor-widget elementor-widget-text-editor\" data-id=\"938875f\" data-element_type=\"widget\" data-e-type=\"widget\" data-settings=\"{&quot;_animation&quot;:&quot;slideInDown&quot;}\" data-widget_type=\"text-editor.default\">\n\t\t\t\t<div class=\"elementor-widget-container\">\n\t\t\t\t\t\t\t\t\t<p>alimentation et boissons<\/p>\t\t\t\t\t\t\t\t<\/div>\n\t\t\t\t<\/div>\n\t\t\t\t<div class=\"elementor-element elementor-element-bc85c25 elementor-widget__width-initial elementor-invisible elementor-widget elementor-widget-heading\" data-id=\"bc85c25\" data-element_type=\"widget\" data-e-type=\"widget\" data-settings=\"{&quot;_animation&quot;:&quot;slideInUp&quot;,&quot;_animation_delay&quot;:0}\" data-widget_type=\"heading.default\">\n\t\t\t\t<div class=\"elementor-widget-container\">\n\t\t\t\t\t<h1 class=\"elementor-heading-title elementor-size-default\">Une exp\u00e9rience alimentaire totale<\/h1>\t\t\t\t<\/div>\n\t\t\t\t<\/div>\n\t\t\t\t<div class=\"elementor-element elementor-element-8e32e14 elementor-widget__width-initial elementor-invisible elementor-widget elementor-widget-text-editor\" data-id=\"8e32e14\" data-element_type=\"widget\" data-e-type=\"widget\" data-settings=\"{&quot;_animation&quot;:&quot;slideInUp&quot;,&quot;_animation_delay&quot;:0}\" data-widget_type=\"text-editor.default\">\n\t\t\t\t<div class=\"elementor-widget-container\">\n\t\t\t\t\t\t\t\t\t<p><span style=\"font-weight: 400;\">L&rsquo;offre de restauration de l&rsquo;h\u00f4tel Celeste s&rsquo;\u00e9tend du petit-d\u00e9jeuner \u00e0 l&rsquo;apr\u00e8s-d\u00eener. Vous n&rsquo;aurez \u00e0 vous soucier de rien : vous trouverez tous les services dont vous avez besoin \u00e0 proximit\u00e9.<\/span><\/p><p><b>Envie de commencer la journ\u00e9e avec l&rsquo;\u00e9nergie n\u00e9cessaire ?<\/b><span style=\"font-weight: 400;\">  Nous proposons un petit-d\u00e9jeuner buffet en libre-service tous les matins dans notre salle \u00e0 manger spacieuse, avec un large choix d&rsquo;options sucr\u00e9es et sal\u00e9es pour satisfaire les go\u00fbts de chacun.<\/span><\/p><p><b>Envie de vous offrir un snack ou un ap\u00e9ritifs apr\u00e8s la mer?<\/b><span style=\"font-weight: 400;\">  Go\u00fbtez aux d\u00e9lices et aux boissons de notre bar am\u00e9ricain !<\/span> <span style=\"font-weight: 400;\">Il n&rsquo;y a pas de meilleur choix pour accompagner un coucher de soleil inoubliable sur la Baia delle Favole.<\/span><\/p>\t\t\t\t\t\t\t\t<\/div>\n\t\t\t\t<\/div>\n\t\t\t\t<\/div>\n\t\t\t\t<div class=\"elementor-element elementor-element-6950068 bar elementor-widget elementor-widget-image\" data-id=\"6950068\" data-element_type=\"widget\" data-e-type=\"widget\" data-widget_type=\"image.default\">\n\t\t\t\t<div class=\"elementor-widget-container\">\n\t\t\t\t\t\t\t\t\t\t\t\t\t\t\t<img fetchpriority=\"high\" decoding=\"async\" width=\"953\" height=\"854\" src=\"https:\/\/www.hotelceleste.com\/wp-content\/uploads\/2025\/11\/food-drink-1.jpg\" class=\"attachment-full size-full wp-image-17780\" alt=\"\" srcset=\"https:\/\/www.hotelceleste.com\/wp-content\/uploads\/2025\/11\/food-drink-1.jpg 953w, https:\/\/www.hotelceleste.com\/wp-content\/uploads\/2025\/11\/food-drink-1-300x269.jpg 300w, https:\/\/www.hotelceleste.com\/wp-content\/uploads\/2025\/11\/food-drink-1-768x688.jpg 768w\" sizes=\"(max-width: 953px) 100vw, 953px\" \/>\t\t\t\t\t\t\t\t\t\t\t\t\t\t\t<\/div>\n\t\t\t\t<\/div>\n\t\t\t\t<\/div>\n\t\t\t\t<\/div>\n\t\t<div class=\"elementor-element elementor-element-5ce4274 e-con-full e-flex e-con e-parent\" data-id=\"5ce4274\" data-element_type=\"container\" data-e-type=\"container\" data-settings=\"{&quot;jet_parallax_layout_list&quot;:[]}\">\n\t\t<div class=\"elementor-element elementor-element-6e8f100 e-con-full e-flex e-con e-child\" data-id=\"6e8f100\" data-element_type=\"container\" data-e-type=\"container\" data-settings=\"{&quot;position&quot;:&quot;absolute&quot;,&quot;jet_parallax_layout_list&quot;:[]}\">\n\t\t\t\t<div class=\"elementor-element elementor-element-cf8cc1f animated-fast elementor-invisible elementor-widget elementor-widget-heading\" data-id=\"cf8cc1f\" data-element_type=\"widget\" data-e-type=\"widget\" data-settings=\"{&quot;_animation&quot;:&quot;slideInUp&quot;}\" data-widget_type=\"heading.default\">\n\t\t\t\t<div class=\"elementor-widget-container\">\n\t\t\t\t\t<h2 class=\"elementor-heading-title elementor-size-default\">Un avantage exclusif pour nos clients<\/h2>\t\t\t\t<\/div>\n\t\t\t\t<\/div>\n\t\t\t\t<div class=\"elementor-element elementor-element-bae5b23 elementor-widget elementor-widget-text-editor\" data-id=\"bae5b23\" data-element_type=\"widget\" data-e-type=\"widget\" data-widget_type=\"text-editor.default\">\n\t\t\t\t<div class=\"elementor-widget-container\">\n\t\t\t\t\t\t\t\t\t<p><strong>Les clients de l&rsquo;h\u00f4tel Celeste<\/strong> peuvent profiter d&rsquo;une exp\u00e9rience gastronomique encore plus sp\u00e9ciale : nous leur offrons une <strong>r\u00e9duction de 10 % sur les repas \u00e0 la carte<\/strong> consomm\u00e9s dans la charmante salle dehor. <br><br>Une occasion parfaite de savourer nos offres culinaires dans une <strong>atmosph\u00e8re \u00e9l\u00e9gante et d\u00e9tendue<\/strong>.<\/p>\t\t\t\t\t\t\t\t<\/div>\n\t\t\t\t<\/div>\n\t\t\t\t<\/div>\n\t\t<div class=\"elementor-element elementor-element-4cda367 e-con-full e-flex e-con e-child\" data-id=\"4cda367\" data-element_type=\"container\" data-e-type=\"container\" data-settings=\"{&quot;background_background&quot;:&quot;gradient&quot;,&quot;position&quot;:&quot;absolute&quot;,&quot;jet_parallax_layout_list&quot;:[]}\">\n\t\t\t\t<\/div>\n\t\t<div class=\"elementor-element elementor-element-1782a7c e-con-full elementor-hidden-mobile e-flex e-con e-child\" data-id=\"1782a7c\" data-element_type=\"container\" data-e-type=\"container\" data-settings=\"{&quot;position&quot;:&quot;absolute&quot;,&quot;jet_parallax_layout_list&quot;:[]}\">\n\t\t\t\t<div class=\"elementor-element elementor-element-c8d3c92 elementor-widget elementor-widget-image\" data-id=\"c8d3c92\" data-element_type=\"widget\" data-e-type=\"widget\" data-widget_type=\"image.default\">\n\t\t\t\t<div class=\"elementor-widget-container\">\n\t\t\t\t\t\t\t\t\t\t\t\t\t\t\t<img decoding=\"async\" src=\"https:\/\/www.hotelceleste.com\/wp-content\/uploads\/elementor\/thumbs\/offerta-ospiti-dehor-2-r1b2luk2qvx1xise8n208d4wx51pcwp33iol82a9ds.jpg\" title=\"offerta-ospiti-dehor\" alt=\"offerta-ospiti-dehor\" loading=\"lazy\" \/>\t\t\t\t\t\t\t\t\t\t\t\t\t\t\t<\/div>\n\t\t\t\t<\/div>\n\t\t\t\t<\/div>\n\t\t\t\t<\/div>\n\t\t<div class=\"elementor-element elementor-element-105a985 e-con-full sfondo-rombo e-flex e-con e-parent\" data-id=\"105a985\" data-element_type=\"container\" data-e-type=\"container\" data-settings=\"{&quot;background_background&quot;:&quot;classic&quot;,&quot;jet_parallax_layout_list&quot;:[]}\">\n\t\t<div class=\"elementor-element elementor-element-024087c e-grid e-con-full e-con e-child\" data-id=\"024087c\" data-element_type=\"container\" data-e-type=\"container\" data-settings=\"{&quot;jet_parallax_layout_list&quot;:[]}\">\n\t\t<div class=\"elementor-element elementor-element-79efc2d e-con-full e-flex e-con e-child\" data-id=\"79efc2d\" data-element_type=\"container\" data-e-type=\"container\" data-settings=\"{&quot;jet_parallax_layout_list&quot;:[]}\">\n\t\t\t\t<div class=\"elementor-element elementor-element-ae1887a animated-fast elementor-invisible elementor-widget elementor-widget-text-editor\" data-id=\"ae1887a\" data-element_type=\"widget\" data-e-type=\"widget\" data-settings=\"{&quot;_animation&quot;:&quot;slideInDown&quot;}\" data-widget_type=\"text-editor.default\">\n\t\t\t\t<div class=\"elementor-widget-container\">\n\t\t\t\t\t\t\t\t\t<p>Ice cream<\/p>\t\t\t\t\t\t\t\t<\/div>\n\t\t\t\t<\/div>\n\t\t\t\t<div class=\"elementor-element elementor-element-f527be4 elementor-widget__width-initial elementor-invisible elementor-widget elementor-widget-heading\" data-id=\"f527be4\" data-element_type=\"widget\" data-e-type=\"widget\" data-settings=\"{&quot;_animation&quot;:&quot;slideInUp&quot;,&quot;_animation_delay&quot;:0}\" data-widget_type=\"heading.default\">\n\t\t\t\t<div class=\"elementor-widget-container\">\n\t\t\t\t\t<h1 class=\"elementor-heading-title elementor-size-default\">Glace artisanal<\/h1>\t\t\t\t<\/div>\n\t\t\t\t<\/div>\n\t\t\t\t<div class=\"elementor-element elementor-element-d778df1 elementor-widget__width-initial elementor-invisible elementor-widget elementor-widget-text-editor\" data-id=\"d778df1\" data-element_type=\"widget\" data-e-type=\"widget\" data-settings=\"{&quot;_animation&quot;:&quot;slideInUp&quot;,&quot;_animation_delay&quot;:0}\" data-widget_type=\"text-editor.default\">\n\t\t\t\t<div class=\"elementor-widget-container\">\n\t\t\t\t\t\t\t\t\t<p>Notre tradition des glaces, qui en est \u00e0 sa troisi\u00e8me g\u00e9n\u00e9ration, est une fiert\u00e9 familiale et un \u00e9l\u00e9ment distinctif de notre offre. Notre laboratoire interne nous permet de fabriquer chaque jour des <strong>glaces artisanales de haute qualit\u00e9<\/strong>, pr\u00e9par\u00e9es avec des ingr\u00e9dients s\u00e9lectionn\u00e9s et servies dans notre bar am\u00e9ricain.  <br><br>Un r\u00e9gal frais et authentique disponible toute la journ\u00e9e, id\u00e9al pour une <strong>pause gourmande avec vue sur la mer<\/strong>.<\/p>\t\t\t\t\t\t\t\t<\/div>\n\t\t\t\t<\/div>\n\t\t\t\t<\/div>\n\t\t\t\t<div class=\"elementor-element elementor-element-c7bce1c bar elementor-widget elementor-widget-image\" data-id=\"c7bce1c\" data-element_type=\"widget\" data-e-type=\"widget\" data-widget_type=\"image.default\">\n\t\t\t\t<div class=\"elementor-widget-container\">\n\t\t\t\t\t\t\t\t\t\t\t\t\t\t\t<img decoding=\"async\" width=\"1600\" height=\"1434\" src=\"https:\/\/www.hotelceleste.com\/wp-content\/uploads\/2025\/02\/gelateria-artigianale-hotel-celeste.jpg\" class=\"attachment-full size-full wp-image-2238\" alt=\"\" srcset=\"https:\/\/www.hotelceleste.com\/wp-content\/uploads\/2025\/02\/gelateria-artigianale-hotel-celeste.jpg 1600w, https:\/\/www.hotelceleste.com\/wp-content\/uploads\/2025\/02\/gelateria-artigianale-hotel-celeste-300x269.jpg 300w, https:\/\/www.hotelceleste.com\/wp-content\/uploads\/2025\/02\/gelateria-artigianale-hotel-celeste-1024x918.jpg 1024w, https:\/\/www.hotelceleste.com\/wp-content\/uploads\/2025\/02\/gelateria-artigianale-hotel-celeste-768x688.jpg 768w, https:\/\/www.hotelceleste.com\/wp-content\/uploads\/2025\/02\/gelateria-artigianale-hotel-celeste-1536x1377.jpg 1536w\" sizes=\"(max-width: 1600px) 100vw, 1600px\" \/>\t\t\t\t\t\t\t\t\t\t\t\t\t\t\t<\/div>\n\t\t\t\t<\/div>\n\t\t\t\t<\/div>\n\t\t\t\t<\/div>\n\t\t\t\t<\/div>\n\t\t","protected":false},"excerpt":{"rendered":"<p>Restaurant Petit-d\u00e9jeuner, demi-pension, pension compl\u00e8te Restaurant Petit-d\u00e9jeuner, demi-pension, pension compl\u00e8te Restaurant Petit-d\u00e9jeuner, demi-pension, pension compl\u00e8te alimentation et boissons Une exp\u00e9rience alimentaire totale L&rsquo;offre de restauration de l&rsquo;h\u00f4tel Celeste s&rsquo;\u00e9tend du petit-d\u00e9jeuner \u00e0 l&rsquo;apr\u00e8s-d\u00eener. Vous n&rsquo;aurez \u00e0 vous soucier de rien : vous trouverez tous les services dont vous avez besoin \u00e0 proximit\u00e9. Envie de commencer [&hellip;]<\/p>\n","protected":false},"author":1,"featured_media":17752,"parent":0,"menu_order":0,"comment_status":"closed","ping_status":"closed","template":"","meta":{"footnotes":""},"class_list":["post-2365","page","type-page","status-publish","has-post-thumbnail","hentry"],"_links":{"self":[{"href":"https:\/\/www.hotelceleste.com\/fr\/wp-json\/wp\/v2\/pages\/2365","targetHints":{"allow":["GET"]}}],"collection":[{"href":"https:\/\/www.hotelceleste.com\/fr\/wp-json\/wp\/v2\/pages"}],"about":[{"href":"https:\/\/www.hotelceleste.com\/fr\/wp-json\/wp\/v2\/types\/page"}],"author":[{"embeddable":true,"href":"https:\/\/www.hotelceleste.com\/fr\/wp-json\/wp\/v2\/users\/1"}],"replies":[{"embeddable":true,"href":"https:\/\/www.hotelceleste.com\/fr\/wp-json\/wp\/v2\/comments?post=2365"}],"version-history":[{"count":7,"href":"https:\/\/www.hotelceleste.com\/fr\/wp-json\/wp\/v2\/pages\/2365\/revisions"}],"predecessor-version":[{"id":17850,"href":"https:\/\/www.hotelceleste.com\/fr\/wp-json\/wp\/v2\/pages\/2365\/revisions\/17850"}],"wp:featuredmedia":[{"embeddable":true,"href":"https:\/\/www.hotelceleste.com\/fr\/wp-json\/wp\/v2\/media\/17752"}],"wp:attachment":[{"href":"https:\/\/www.hotelceleste.com\/fr\/wp-json\/wp\/v2\/media?parent=2365"}],"curies":[{"name":"wp","href":"https:\/\/api.w.org\/{rel}","templated":true}]}}