{"id":2522,"date":"2025-01-18T17:04:09","date_gmt":"2025-01-18T16:04:09","guid":{"rendered":"https:\/\/hotelceleste.com\/strand\/"},"modified":"2026-04-14T13:44:49","modified_gmt":"2026-04-14T11:44:49","slug":"strand","status":"publish","type":"page","link":"https:\/\/www.hotelceleste.com\/de\/strand\/","title":{"rendered":"Strand"},"content":{"rendered":"\t\t<div data-elementor-type=\"wp-page\" data-elementor-id=\"2522\" class=\"elementor elementor-2522 elementor-955\" data-elementor-post-type=\"page\">\n\t\t\t\t<div class=\"elementor-element elementor-element-678ce2c9 e-con-full e-flex e-con e-parent\" data-id=\"678ce2c9\" data-element_type=\"container\" data-e-type=\"container\" data-settings=\"{&quot;background_background&quot;:&quot;video&quot;,&quot;background_video_link&quot;:&quot;\\\/wp-content\\\/uploads\\\/2025\\\/11\\\/Video-spiaggia.mp4&quot;,&quot;jet_parallax_layout_list&quot;:[]}\">\n\t\t<div class=\"elementor-background-video-container elementor-hidden-mobile\">\n\t\t\t\t\t\t\t<video class=\"elementor-background-video-hosted\" role=\"presentation\" autoplay muted playsinline loop><\/video>\n\t\t\t\t\t<\/div>\t\t<div class=\"elementor-element elementor-element-79c7536 elementor-widget elementor-widget-heading\" data-id=\"79c7536\" data-element_type=\"widget\" data-e-type=\"widget\" data-widget_type=\"heading.default\">\n\t\t\t\t<div class=\"elementor-widget-container\">\n\t\t\t\t\t<h2 class=\"elementor-heading-title elementor-size-default\">Der Strand<\/h2>\t\t\t\t<\/div>\n\t\t\t\t<\/div>\n\t\t\t\t<div class=\"elementor-element elementor-element-a168da9 elementor-widget elementor-widget-text-editor\" data-id=\"a168da9\" data-element_type=\"widget\" data-e-type=\"widget\" data-widget_type=\"text-editor.default\">\n\t\t\t\t<div class=\"elementor-widget-container\">\n\t\t\t\t\t\t\t\t\t<p>Badeanstalt Celeste al Mare<\/p>\t\t\t\t\t\t\t\t<\/div>\n\t\t\t\t<\/div>\n\t\t\t\t<\/div>\n\t\t<div class=\"elementor-element elementor-element-1c6512d6 e-con-full sfondo-rombo e-flex e-con e-parent\" data-id=\"1c6512d6\" data-element_type=\"container\" data-e-type=\"container\" data-settings=\"{&quot;background_background&quot;:&quot;classic&quot;,&quot;jet_parallax_layout_list&quot;:[]}\">\n\t\t<div class=\"elementor-element elementor-element-50253200 e-grid e-con-full e-con e-child\" data-id=\"50253200\" data-element_type=\"container\" data-e-type=\"container\" data-settings=\"{&quot;jet_parallax_layout_list&quot;:[]}\">\n\t\t\t\t<div class=\"elementor-element elementor-element-780762b1 elementor-widget elementor-widget-image\" data-id=\"780762b1\" data-element_type=\"widget\" data-e-type=\"widget\" data-widget_type=\"image.default\">\n\t\t\t\t<div class=\"elementor-widget-container\">\n\t\t\t\t\t\t\t\t\t\t\t\t\t\t\t<img fetchpriority=\"high\" decoding=\"async\" width=\"950\" height=\"840\" src=\"https:\/\/www.hotelceleste.com\/wp-content\/uploads\/2025\/11\/spiaggia03.webp\" class=\"attachment-full size-full wp-image-17373\" alt=\"\" srcset=\"https:\/\/www.hotelceleste.com\/wp-content\/uploads\/2025\/11\/spiaggia03.webp 950w, https:\/\/www.hotelceleste.com\/wp-content\/uploads\/2025\/11\/spiaggia03-300x265.webp 300w, https:\/\/www.hotelceleste.com\/wp-content\/uploads\/2025\/11\/spiaggia03-768x679.webp 768w\" sizes=\"(max-width: 950px) 100vw, 950px\" \/>\t\t\t\t\t\t\t\t\t\t\t\t\t\t\t<\/div>\n\t\t\t\t<\/div>\n\t\t<div class=\"elementor-element elementor-element-5c10d134 e-con-full e-flex e-con e-child\" data-id=\"5c10d134\" data-element_type=\"container\" data-e-type=\"container\" data-settings=\"{&quot;jet_parallax_layout_list&quot;:[]}\">\n\t\t\t\t<div class=\"elementor-element elementor-element-48a62c11 animated-fast elementor-invisible elementor-widget elementor-widget-text-editor\" data-id=\"48a62c11\" data-element_type=\"widget\" data-e-type=\"widget\" data-settings=\"{&quot;_animation&quot;:&quot;slideInDown&quot;}\" data-widget_type=\"text-editor.default\">\n\t\t\t\t<div class=\"elementor-widget-container\">\n\t\t\t\t\t\t\t\t\t<p><span style=\"font-weight: 400;\">Badeanstalt Celeste al Mare<\/span><\/p>\t\t\t\t\t\t\t\t<\/div>\n\t\t\t\t<\/div>\n\t\t\t\t<div class=\"elementor-element elementor-element-1434c54f elementor-widget__width-initial elementor-invisible elementor-widget elementor-widget-heading\" data-id=\"1434c54f\" data-element_type=\"widget\" data-e-type=\"widget\" data-settings=\"{&quot;_animation&quot;:&quot;slideInUp&quot;,&quot;_animation_delay&quot;:0}\" data-widget_type=\"heading.default\">\n\t\t\t\t<div class=\"elementor-widget-container\">\n\t\t\t\t\t<h1 class=\"elementor-heading-title elementor-size-default\">Der Strand vor der Haust\u00fcr<\/h1>\t\t\t\t<\/div>\n\t\t\t\t<\/div>\n\t\t\t\t<div class=\"elementor-element elementor-element-3d2c2ab3 elementor-widget__width-initial elementor-invisible elementor-widget elementor-widget-text-editor\" data-id=\"3d2c2ab3\" data-element_type=\"widget\" data-e-type=\"widget\" data-settings=\"{&quot;_animation&quot;:&quot;slideInUp&quot;,&quot;_animation_delay&quot;:0}\" data-widget_type=\"text-editor.default\">\n\t\t\t\t<div class=\"elementor-widget-container\">\n\t\t\t\t\t\t\t\t\t<p>Im Hotel Celeste haben Sie die M\u00f6glichkeit, einen echten Urlaub am Meer zu erleben. Das Strandbad<strong> Celeste al mare<\/strong>, unsere <strong>private Badeanstalt<\/strong>, befindet sich <strong>direkt vor unserer Anlage<\/strong>. <br>Hier k\u00f6nnen Sie am Strand entspannen und die Sch\u00f6nheit der <strong>Baia delle Favole in Sestri Levante<\/strong> genie\u00dfen.<\/p><p>Die Badeanstalt ist mit Sonnenschirmen, Sonnenliegen, Liegest\u00fchlen und St\u00fchlen <strong>ausgestattet<\/strong> und bietet alle Dienstleistungen, die Sie ben\u00f6tigen, um Ihren Urlaub in v\u00f6lliger Entspannung zu genie\u00dfen.<\/p>\t\t\t\t\t\t\t\t<\/div>\n\t\t\t\t<\/div>\n\t\t\t\t<\/div>\n\t\t\t\t<\/div>\n\t\t\t\t<\/div>\n\t\t<div class=\"elementor-element elementor-element-c7d1c16 e-con-full e-flex e-con e-parent\" data-id=\"c7d1c16\" data-element_type=\"container\" data-e-type=\"container\" data-settings=\"{&quot;background_background&quot;:&quot;classic&quot;,&quot;jet_parallax_layout_list&quot;:[]}\">\n\t\t<div class=\"elementor-element elementor-element-56f1dde3 e-con-full e-flex e-con e-child\" data-id=\"56f1dde3\" data-element_type=\"container\" data-e-type=\"container\" data-settings=\"{&quot;position&quot;:&quot;absolute&quot;,&quot;jet_parallax_layout_list&quot;:[]}\">\n\t\t\t\t<div class=\"elementor-element elementor-element-59437678 animated-fast elementor-invisible elementor-widget elementor-widget-heading\" data-id=\"59437678\" data-element_type=\"widget\" data-e-type=\"widget\" data-settings=\"{&quot;_animation&quot;:&quot;slideInUp&quot;}\" data-widget_type=\"heading.default\">\n\t\t\t\t<div class=\"elementor-widget-container\">\n\t\t\t\t\t<h2 class=\"elementor-heading-title elementor-size-default\">Essen &amp; Trinken<\/h2>\t\t\t\t<\/div>\n\t\t\t\t<\/div>\n\t\t\t\t<div class=\"elementor-element elementor-element-7347761 elementor-widget elementor-widget-text-editor\" data-id=\"7347761\" data-element_type=\"widget\" data-e-type=\"widget\" data-widget_type=\"text-editor.default\">\n\t\t\t\t<div class=\"elementor-widget-container\">\n\t\t\t\t\t\t\t\t\t<p><br>F\u00fcr einen Snack oder einen Aperitif k\u00f6nnen Sie den <strong>Barservice<\/strong> in Anspruch nehmen, der von morgens bis abends eine Auswahl an Getr\u00e4nken und Angeboten f\u00fcr jede Tageszeit bereith\u00e4lt. Und wenn Sie <strong>zu Mittag<\/strong> oder zu <strong>Abend essen<\/strong> m\u00f6chten, k\u00f6nnen Sie sich direkt am Meer von den Aromen der ligurischen K\u00fcche verw\u00f6hnen lassen. <br>Das <strong>Restaurant Mapi<\/strong> bietet Gerichte, die Tradition, Kreativit\u00e4t und frische, sorgf\u00e4ltig ausgew\u00e4hlte Zutaten vereinen, um Ihnen ein Erlebnis zu bieten, das die Geschichte Liguriens erz\u00e4hlt.<\/p>\t\t\t\t\t\t\t\t<\/div>\n\t\t\t\t<\/div>\n\t\t\t\t<div class=\"elementor-element elementor-element-b014a68 elementor-widget elementor-widget-button\" data-id=\"b014a68\" data-element_type=\"widget\" data-e-type=\"widget\" data-widget_type=\"button.default\">\n\t\t\t\t<div class=\"elementor-widget-container\">\n\t\t\t\t\t\t\t\t\t<div class=\"elementor-button-wrapper\">\n\t\t\t\t\t<a class=\"elementor-button elementor-button-link elementor-size-sm\" href=\"https:\/\/www.hotelceleste.com\/de\/mapi-a-la-carte-restaurant\/\">\n\t\t\t\t\t\t<span class=\"elementor-button-content-wrapper\">\n\t\t\t\t\t\t\t\t\t<span class=\"elementor-button-text\">Mehr erfahren<\/span>\n\t\t\t\t\t<\/span>\n\t\t\t\t\t<\/a>\n\t\t\t\t<\/div>\n\t\t\t\t\t\t\t\t<\/div>\n\t\t\t\t<\/div>\n\t\t\t\t<\/div>\n\t\t<div class=\"elementor-element elementor-element-66ee35d3 e-con-full e-flex e-con e-child\" data-id=\"66ee35d3\" data-element_type=\"container\" data-e-type=\"container\" data-settings=\"{&quot;background_background&quot;:&quot;gradient&quot;,&quot;position&quot;:&quot;absolute&quot;,&quot;jet_parallax_layout_list&quot;:[]}\">\n\t\t\t\t<\/div>\n\t\t\t\t<\/div>\n\t\t<div class=\"elementor-element elementor-element-9b1baca e-grid e-con-full e-con e-parent\" data-id=\"9b1baca\" data-element_type=\"container\" data-e-type=\"container\" data-settings=\"{&quot;jet_parallax_layout_list&quot;:[]}\">\n\t\t<a class=\"elementor-element elementor-element-a8dde36 e-con-full e-flex e-con e-child\" data-id=\"a8dde36\" data-element_type=\"container\" data-e-type=\"container\" data-settings=\"{&quot;background_background&quot;:&quot;classic&quot;,&quot;jet_parallax_layout_list&quot;:[]}\" href=\"https:\/\/www.hotelceleste.com\/colazione-mezza-pensione-pensione-completa\/\">\n\t\t\t\t<div class=\"elementor-element elementor-element-6b36cd3e animated-fast elementor-invisible elementor-widget elementor-widget-heading\" data-id=\"6b36cd3e\" data-element_type=\"widget\" data-e-type=\"widget\" data-settings=\"{&quot;_animation&quot;:&quot;slideInDown&quot;}\" data-widget_type=\"heading.default\">\n\t\t\t\t<div class=\"elementor-widget-container\">\n\t\t\t\t\t<h2 class=\"elementor-heading-title elementor-size-default\">Cocktails und Mixologie<\/h2>\t\t\t\t<\/div>\n\t\t\t\t<\/div>\n\t\t\t\t<div class=\"elementor-element elementor-element-4eb62024 animated-fast elementor-invisible elementor-widget elementor-widget-text-editor\" data-id=\"4eb62024\" data-element_type=\"widget\" data-e-type=\"widget\" data-settings=\"{&quot;_animation&quot;:&quot;slideInUp&quot;}\" data-widget_type=\"text-editor.default\">\n\t\t\t\t<div class=\"elementor-widget-container\">\n\t\t\t\t\t\t\t\t\t<p>Aperitifs und Getr\u00e4nke von der American Bar.<\/p>\t\t\t\t\t\t\t\t<\/div>\n\t\t\t\t<\/div>\n\t\t\t\t<\/a>\n\t\t<a class=\"elementor-element elementor-element-adb1aac e-con-full e-flex e-con e-child\" data-id=\"adb1aac\" data-element_type=\"container\" data-e-type=\"container\" data-settings=\"{&quot;background_background&quot;:&quot;classic&quot;,&quot;jet_parallax_layout_list&quot;:[]}\" href=\"https:\/\/www.hotelceleste.com\/ristorante-mapi-a-la-carte\/\">\n\t\t\t\t<div class=\"elementor-element elementor-element-728d3f6 animated-fast elementor-invisible elementor-widget elementor-widget-heading\" data-id=\"728d3f6\" data-element_type=\"widget\" data-e-type=\"widget\" data-settings=\"{&quot;_animation&quot;:&quot;slideInDown&quot;}\" data-widget_type=\"heading.default\">\n\t\t\t\t<div class=\"elementor-widget-container\">\n\t\t\t\t\t<h2 class=\"elementor-heading-title elementor-size-default\">Typische und moderne K\u00fcche<\/h2>\t\t\t\t<\/div>\n\t\t\t\t<\/div>\n\t\t\t\t<div class=\"elementor-element elementor-element-1346dfd animated-fast elementor-invisible elementor-widget elementor-widget-text-editor\" data-id=\"1346dfd\" data-element_type=\"widget\" data-e-type=\"widget\" data-settings=\"{&quot;_animation&quot;:&quot;slideInUp&quot;}\" data-widget_type=\"text-editor.default\">\n\t\t\t\t<div class=\"elementor-widget-container\">\n\t\t\t\t\t\t\t\t\t<p>einzigartige Geschmacksrichtungen und die Sch\u00f6nheit der Uferpromenade.<\/p>\t\t\t\t\t\t\t\t<\/div>\n\t\t\t\t<\/div>\n\t\t\t\t<\/a>\n\t\t\t\t<\/div>\n\t\t\t\t<\/div>\n\t\t","protected":false},"excerpt":{"rendered":"<p>Sestri Levante Hotel mit Privatstrand. Unser Strand befindet sich direkt vor dem Hotel, im Zentrum der Baia delle Favole.<\/p>\n","protected":false},"author":1,"featured_media":2026,"parent":0,"menu_order":0,"comment_status":"closed","ping_status":"closed","template":"","meta":{"footnotes":""},"class_list":["post-2522","page","type-page","status-publish","has-post-thumbnail","hentry"],"_links":{"self":[{"href":"https:\/\/www.hotelceleste.com\/de\/wp-json\/wp\/v2\/pages\/2522","targetHints":{"allow":["GET"]}}],"collection":[{"href":"https:\/\/www.hotelceleste.com\/de\/wp-json\/wp\/v2\/pages"}],"about":[{"href":"https:\/\/www.hotelceleste.com\/de\/wp-json\/wp\/v2\/types\/page"}],"author":[{"embeddable":true,"href":"https:\/\/www.hotelceleste.com\/de\/wp-json\/wp\/v2\/users\/1"}],"replies":[{"embeddable":true,"href":"https:\/\/www.hotelceleste.com\/de\/wp-json\/wp\/v2\/comments?post=2522"}],"version-history":[{"count":8,"href":"https:\/\/www.hotelceleste.com\/de\/wp-json\/wp\/v2\/pages\/2522\/revisions"}],"predecessor-version":[{"id":17857,"href":"https:\/\/www.hotelceleste.com\/de\/wp-json\/wp\/v2\/pages\/2522\/revisions\/17857"}],"wp:featuredmedia":[{"embeddable":true,"href":"https:\/\/www.hotelceleste.com\/de\/wp-json\/wp\/v2\/media\/2026"}],"wp:attachment":[{"href":"https:\/\/www.hotelceleste.com\/de\/wp-json\/wp\/v2\/media?parent=2522"}],"curies":[{"name":"wp","href":"https:\/\/api.w.org\/{rel}","templated":true}]}}