{"id":2377,"date":"2025-02-10T15:40:50","date_gmt":"2025-02-10T14:40:50","guid":{"rendered":"https:\/\/hotelceleste.com\/fruehstueck-halbpension-vollpension\/"},"modified":"2025-11-20T17:35:11","modified_gmt":"2025-11-20T16:35:11","slug":"fruehstueck-halbpension-vollpension","status":"publish","type":"page","link":"https:\/\/www.hotelceleste.com\/de\/fruehstueck-halbpension-vollpension\/","title":{"rendered":"Fr\u00fchst\u00fcck, Halbpension, Vollpension"},"content":{"rendered":"\t\t<div data-elementor-type=\"wp-page\" data-elementor-id=\"2377\" class=\"elementor elementor-2377 elementor-1737\" data-elementor-post-type=\"page\">\n\t\t\t\t<div class=\"elementor-element elementor-element-0c8d3eb e-con-full e-flex e-con e-parent\" data-id=\"0c8d3eb\" data-element_type=\"container\" data-e-type=\"container\" data-settings=\"{&quot;jet_parallax_layout_list&quot;:[]}\">\n\t\t\t\t<div class=\"elementor-element elementor-element-0d0d327 elementor--h-position-left elementor--v-position-bottom elementor-invisible elementor-widget elementor-widget-slides\" data-id=\"0d0d327\" data-element_type=\"widget\" data-e-type=\"widget\" data-settings=\"{&quot;navigation&quot;:&quot;none&quot;,&quot;_animation&quot;:&quot;fadeIn&quot;,&quot;transition&quot;:&quot;fade&quot;,&quot;transition_speed&quot;:1000,&quot;autoplay&quot;:&quot;yes&quot;,&quot;autoplay_speed&quot;:5000,&quot;infinite&quot;:&quot;yes&quot;}\" data-widget_type=\"slides.default\">\n\t\t\t\t<div class=\"elementor-widget-container\">\n\t\t\t\t\t\t\t\t\t<div class=\"elementor-swiper\">\n\t\t\t\t\t<div class=\"elementor-slides-wrapper elementor-main-swiper swiper\" role=\"region\" aria-roledescription=\"carousel\" aria-label=\"Slides\" dir=\"ltr\" data-animation=\"\">\n\t\t\t\t<div class=\"swiper-wrapper elementor-slides\">\n\t\t\t\t\t\t\t\t\t\t<div class=\"elementor-repeater-item-7600e75 swiper-slide\" role=\"group\" aria-roledescription=\"slide\"><div class=\"swiper-slide-bg\" role=\"img\" aria-label=\"Sala colazioni\"><\/div><div class=\"swiper-slide-inner\" ><div class=\"swiper-slide-contents\"><h2 class=\"elementor-slide-heading\">Restaurant<\/h2><div class=\"elementor-slide-description\"><p>Fr\u00fchst\u00fcck, Halbpension, Vollpension<\/p>\n<\/div><\/div><\/div><\/div><div class=\"elementor-repeater-item-5ee3d65 swiper-slide\" role=\"group\" aria-roledescription=\"slide\"><div class=\"swiper-slide-bg\" role=\"img\" aria-label=\"Colazione\"><\/div><div class=\"swiper-slide-inner\" ><div class=\"swiper-slide-contents\"><h2 class=\"elementor-slide-heading\">Restaurant<\/h2><div class=\"elementor-slide-description\"><p>Fr\u00fchst\u00fcck, Halbpension, Vollpension<\/p>\n<\/div><\/div><\/div><\/div><div class=\"elementor-repeater-item-732abab swiper-slide\" role=\"group\" aria-roledescription=\"slide\"><div class=\"swiper-slide-bg\" role=\"img\" aria-label=\"Sala colazioni\"><\/div><div class=\"swiper-slide-inner\" ><div class=\"swiper-slide-contents\"><h2 class=\"elementor-slide-heading\">Restaurant<\/h2><div class=\"elementor-slide-description\"><p>Fr\u00fchst\u00fcck, Halbpension, Vollpension<\/p>\n<\/div><\/div><\/div><\/div>\t\t\t\t<\/div>\n\t\t\t\t\t\t\t\t\t\t\t\t\t\t\t\t\t\t\t\t\t<\/div>\n\t\t\t\t<\/div>\n\t\t\t\t\t\t\t\t<\/div>\n\t\t\t\t<\/div>\n\t\t\t\t<\/div>\n\t\t<div class=\"elementor-element elementor-element-9ca8110 e-con-full sfondo-rombo e-flex e-con e-parent\" data-id=\"9ca8110\" data-element_type=\"container\" data-e-type=\"container\" data-settings=\"{&quot;background_background&quot;:&quot;classic&quot;,&quot;jet_parallax_layout_list&quot;:[]}\">\n\t\t<div class=\"elementor-element elementor-element-b6a033c e-grid e-con-full e-con e-child\" data-id=\"b6a033c\" data-element_type=\"container\" data-e-type=\"container\" data-settings=\"{&quot;jet_parallax_layout_list&quot;:[]}\">\n\t\t<div class=\"elementor-element elementor-element-0694d5b e-con-full e-flex e-con e-child\" data-id=\"0694d5b\" data-element_type=\"container\" data-e-type=\"container\" data-settings=\"{&quot;jet_parallax_layout_list&quot;:[]}\">\n\t\t\t\t<div class=\"elementor-element elementor-element-938875f animated-fast elementor-invisible elementor-widget elementor-widget-text-editor\" data-id=\"938875f\" data-element_type=\"widget\" data-e-type=\"widget\" data-settings=\"{&quot;_animation&quot;:&quot;slideInDown&quot;}\" data-widget_type=\"text-editor.default\">\n\t\t\t\t<div class=\"elementor-widget-container\">\n\t\t\t\t\t\t\t\t\t<p>Essen &amp; Trinken<\/p>\t\t\t\t\t\t\t\t<\/div>\n\t\t\t\t<\/div>\n\t\t\t\t<div class=\"elementor-element elementor-element-bc85c25 elementor-widget__width-initial elementor-invisible elementor-widget elementor-widget-heading\" data-id=\"bc85c25\" data-element_type=\"widget\" data-e-type=\"widget\" data-settings=\"{&quot;_animation&quot;:&quot;slideInUp&quot;,&quot;_animation_delay&quot;:0}\" data-widget_type=\"heading.default\">\n\t\t\t\t<div class=\"elementor-widget-container\">\n\t\t\t\t\t<h1 class=\"elementor-heading-title elementor-size-default\">Ein umfassendes kulinarisches Erlebnis<\/h1>\t\t\t\t<\/div>\n\t\t\t\t<\/div>\n\t\t\t\t<div class=\"elementor-element elementor-element-8e32e14 elementor-widget__width-initial elementor-invisible elementor-widget elementor-widget-text-editor\" data-id=\"8e32e14\" data-element_type=\"widget\" data-e-type=\"widget\" data-settings=\"{&quot;_animation&quot;:&quot;slideInUp&quot;,&quot;_animation_delay&quot;:0}\" data-widget_type=\"text-editor.default\">\n\t\t\t\t<div class=\"elementor-widget-container\">\n\t\t\t\t\t\t\t\t\t<p><span style=\"font-weight: 400;\">Das Food &amp; Drink-Angebot des Hotels Celeste reicht vom Fr\u00fchst\u00fcck bis zum Abendessen. Sie m\u00fcssen sich um nichts k\u00fcmmern: In Ihrer N\u00e4he finden Sie alle Dienstleistungen, die Sie ben\u00f6tigen.<\/span><\/p><p><b>M\u00f6chten Sie den Tag mit der richtigen Energie beginnen?<\/b><span style=\"font-weight: 400;\">  Jeden Morgen bieten wir in unserem ger\u00e4umigen Speisesaal ein Fr\u00fchst\u00fccksbuffet zur Selbstbedienung an, mit einer gro\u00dfen Auswahl an s\u00fc\u00dfen und herzhaften Speisen f\u00fcr jeden Geschmack.<\/span><\/p><p><b>M\u00f6chten Sie sich nach dem Meer einen Snack oder einen Aperitif g\u00f6nnen?<\/b><span style=\"font-weight: 400;\">  Probieren Sie die K\u00f6stlichkeiten und Drinks von unserer American Bar!<\/span> <span style=\"font-weight: 400;\">Es gibt keine bessere Wahl, um einen unvergesslichen Sonnenuntergang \u00fcber der Baia delle Favole zu begleiten.<\/span><\/p>\t\t\t\t\t\t\t\t<\/div>\n\t\t\t\t<\/div>\n\t\t\t\t<\/div>\n\t\t\t\t<div class=\"elementor-element elementor-element-6950068 bar elementor-widget elementor-widget-image\" data-id=\"6950068\" data-element_type=\"widget\" data-e-type=\"widget\" data-widget_type=\"image.default\">\n\t\t\t\t<div class=\"elementor-widget-container\">\n\t\t\t\t\t\t\t\t\t\t\t\t\t\t\t<img fetchpriority=\"high\" decoding=\"async\" width=\"953\" height=\"854\" src=\"https:\/\/www.hotelceleste.com\/wp-content\/uploads\/2025\/11\/food-drink-1.jpg\" class=\"attachment-full size-full wp-image-17781\" alt=\"\" srcset=\"https:\/\/www.hotelceleste.com\/wp-content\/uploads\/2025\/11\/food-drink-1.jpg 953w, https:\/\/www.hotelceleste.com\/wp-content\/uploads\/2025\/11\/food-drink-1-300x269.jpg 300w, https:\/\/www.hotelceleste.com\/wp-content\/uploads\/2025\/11\/food-drink-1-768x688.jpg 768w\" sizes=\"(max-width: 953px) 100vw, 953px\" \/>\t\t\t\t\t\t\t\t\t\t\t\t\t\t\t<\/div>\n\t\t\t\t<\/div>\n\t\t\t\t<\/div>\n\t\t\t\t<\/div>\n\t\t<div class=\"elementor-element elementor-element-5ce4274 e-con-full e-flex e-con e-parent\" data-id=\"5ce4274\" data-element_type=\"container\" data-e-type=\"container\" data-settings=\"{&quot;jet_parallax_layout_list&quot;:[]}\">\n\t\t<div class=\"elementor-element elementor-element-6e8f100 e-con-full e-flex e-con e-child\" data-id=\"6e8f100\" data-element_type=\"container\" data-e-type=\"container\" data-settings=\"{&quot;position&quot;:&quot;absolute&quot;,&quot;jet_parallax_layout_list&quot;:[]}\">\n\t\t\t\t<div class=\"elementor-element elementor-element-cf8cc1f animated-fast elementor-invisible elementor-widget elementor-widget-heading\" data-id=\"cf8cc1f\" data-element_type=\"widget\" data-e-type=\"widget\" data-settings=\"{&quot;_animation&quot;:&quot;slideInUp&quot;}\" data-widget_type=\"heading.default\">\n\t\t\t\t<div class=\"elementor-widget-container\">\n\t\t\t\t\t<h2 class=\"elementor-heading-title elementor-size-default\">Ein exklusiver Vorteil f\u00fcr unsere G\u00e4ste<\/h2>\t\t\t\t<\/div>\n\t\t\t\t<\/div>\n\t\t\t\t<div class=\"elementor-element elementor-element-bae5b23 elementor-widget elementor-widget-text-editor\" data-id=\"bae5b23\" data-element_type=\"widget\" data-e-type=\"widget\" data-widget_type=\"text-editor.default\">\n\t\t\t\t<div class=\"elementor-widget-container\">\n\t\t\t\t\t\t\t\t\t<p><strong>G\u00e4ste des Hotel Celeste<\/strong> k\u00f6nnen ein noch spezielleres gastronomisches Erlebnis genie\u00dfen: F\u00fcr Sie bieten wir einen <strong>Rabatt von 10 % auf \u00e0 la carte-Gerichte<\/strong>, die in der charmanten Dehor-Location eingenommen werden. <br><br>Eine perfekte Gelegenheit, unser kulinarisches Angebot in einer <strong>eleganten und entspannten Atmosph\u00e4re<\/strong> zu genie\u00dfen.<\/p>\t\t\t\t\t\t\t\t<\/div>\n\t\t\t\t<\/div>\n\t\t\t\t<\/div>\n\t\t<div class=\"elementor-element elementor-element-4cda367 e-con-full e-flex e-con e-child\" data-id=\"4cda367\" data-element_type=\"container\" data-e-type=\"container\" data-settings=\"{&quot;background_background&quot;:&quot;gradient&quot;,&quot;position&quot;:&quot;absolute&quot;,&quot;jet_parallax_layout_list&quot;:[]}\">\n\t\t\t\t<\/div>\n\t\t<div class=\"elementor-element elementor-element-1782a7c e-con-full elementor-hidden-mobile e-flex e-con e-child\" data-id=\"1782a7c\" data-element_type=\"container\" data-e-type=\"container\" data-settings=\"{&quot;position&quot;:&quot;absolute&quot;,&quot;jet_parallax_layout_list&quot;:[]}\">\n\t\t\t\t<div class=\"elementor-element elementor-element-c8d3c92 elementor-widget elementor-widget-image\" data-id=\"c8d3c92\" data-element_type=\"widget\" data-e-type=\"widget\" data-widget_type=\"image.default\">\n\t\t\t\t<div class=\"elementor-widget-container\">\n\t\t\t\t\t\t\t\t\t\t\t\t\t\t\t<img decoding=\"async\" src=\"https:\/\/www.hotelceleste.com\/wp-content\/uploads\/elementor\/thumbs\/offerta-ospiti-dehor-2-r1b2luk2qvx1xise8n208d4wx51pcwp33iol82a9ds.jpg\" title=\"offerta-ospiti-dehor\" alt=\"offerta-ospiti-dehor\" loading=\"lazy\" \/>\t\t\t\t\t\t\t\t\t\t\t\t\t\t\t<\/div>\n\t\t\t\t<\/div>\n\t\t\t\t<\/div>\n\t\t\t\t<\/div>\n\t\t<div class=\"elementor-element elementor-element-105a985 e-con-full sfondo-rombo e-flex e-con e-parent\" data-id=\"105a985\" data-element_type=\"container\" data-e-type=\"container\" data-settings=\"{&quot;background_background&quot;:&quot;classic&quot;,&quot;jet_parallax_layout_list&quot;:[]}\">\n\t\t<div class=\"elementor-element elementor-element-024087c e-grid e-con-full e-con e-child\" data-id=\"024087c\" data-element_type=\"container\" data-e-type=\"container\" data-settings=\"{&quot;jet_parallax_layout_list&quot;:[]}\">\n\t\t<div class=\"elementor-element elementor-element-79efc2d e-con-full e-flex e-con e-child\" data-id=\"79efc2d\" data-element_type=\"container\" data-e-type=\"container\" data-settings=\"{&quot;jet_parallax_layout_list&quot;:[]}\">\n\t\t\t\t<div class=\"elementor-element elementor-element-ae1887a animated-fast elementor-invisible elementor-widget elementor-widget-text-editor\" data-id=\"ae1887a\" data-element_type=\"widget\" data-e-type=\"widget\" data-settings=\"{&quot;_animation&quot;:&quot;slideInDown&quot;}\" data-widget_type=\"text-editor.default\">\n\t\t\t\t<div class=\"elementor-widget-container\">\n\t\t\t\t\t\t\t\t\t<p>Eiscreme<\/p>\t\t\t\t\t\t\t\t<\/div>\n\t\t\t\t<\/div>\n\t\t\t\t<div class=\"elementor-element elementor-element-f527be4 elementor-widget__width-initial elementor-invisible elementor-widget elementor-widget-heading\" data-id=\"f527be4\" data-element_type=\"widget\" data-e-type=\"widget\" data-settings=\"{&quot;_animation&quot;:&quot;slideInUp&quot;,&quot;_animation_delay&quot;:0}\" data-widget_type=\"heading.default\">\n\t\t\t\t<div class=\"elementor-widget-container\">\n\t\t\t\t\t<h1 class=\"elementor-heading-title elementor-size-default\">Handwerkliche Eisdiele<\/h1>\t\t\t\t<\/div>\n\t\t\t\t<\/div>\n\t\t\t\t<div class=\"elementor-element elementor-element-d778df1 elementor-widget__width-initial elementor-invisible elementor-widget elementor-widget-text-editor\" data-id=\"d778df1\" data-element_type=\"widget\" data-e-type=\"widget\" data-settings=\"{&quot;_animation&quot;:&quot;slideInUp&quot;,&quot;_animation_delay&quot;:0}\" data-widget_type=\"text-editor.default\">\n\t\t\t\t<div class=\"elementor-widget-container\">\n\t\t\t\t\t\t\t\t\t<p>Unsere Eistradition, die mittlerweile in der dritten Generation fortgef\u00fchrt wird, ist der Stolz unserer Familie und ein charakteristisches Merkmal unseres Angebots. In unserer hauseigenen Eisdiele stellen wir t\u00e4glich hochwertiges handwerklich hergestelltes Eis aus ausgew\u00e4hlten Zutaten her, das in unserer American Bar serviert wird. <br><br>Ein frischer und unverf\u00e4lschter Genuss, der den ganzen Tag \u00fcber verf\u00fcgbar ist und sich perfekt f\u00fcr eine <strong>Gourmetpause mit Blick aufs Meer<\/strong> eignet.<\/p>\t\t\t\t\t\t\t\t<\/div>\n\t\t\t\t<\/div>\n\t\t\t\t<\/div>\n\t\t\t\t<div class=\"elementor-element elementor-element-c7bce1c bar elementor-widget elementor-widget-image\" data-id=\"c7bce1c\" data-element_type=\"widget\" data-e-type=\"widget\" data-widget_type=\"image.default\">\n\t\t\t\t<div class=\"elementor-widget-container\">\n\t\t\t\t\t\t\t\t\t\t\t\t\t\t\t<img decoding=\"async\" width=\"1600\" height=\"1434\" src=\"https:\/\/www.hotelceleste.com\/wp-content\/uploads\/2025\/02\/gelateria-artigianale-hotel-celeste.jpg\" class=\"attachment-full size-full wp-image-2239\" alt=\"\" srcset=\"https:\/\/www.hotelceleste.com\/wp-content\/uploads\/2025\/02\/gelateria-artigianale-hotel-celeste.jpg 1600w, https:\/\/www.hotelceleste.com\/wp-content\/uploads\/2025\/02\/gelateria-artigianale-hotel-celeste-300x269.jpg 300w, https:\/\/www.hotelceleste.com\/wp-content\/uploads\/2025\/02\/gelateria-artigianale-hotel-celeste-1024x918.jpg 1024w, https:\/\/www.hotelceleste.com\/wp-content\/uploads\/2025\/02\/gelateria-artigianale-hotel-celeste-768x688.jpg 768w, https:\/\/www.hotelceleste.com\/wp-content\/uploads\/2025\/02\/gelateria-artigianale-hotel-celeste-1536x1377.jpg 1536w\" sizes=\"(max-width: 1600px) 100vw, 1600px\" \/>\t\t\t\t\t\t\t\t\t\t\t\t\t\t\t<\/div>\n\t\t\t\t<\/div>\n\t\t\t\t<\/div>\n\t\t\t\t<\/div>\n\t\t\t\t<\/div>\n\t\t","protected":false},"excerpt":{"rendered":"<p>Restaurant Fr\u00fchst\u00fcck, Halbpension, Vollpension Restaurant Fr\u00fchst\u00fcck, Halbpension, Vollpension Restaurant Fr\u00fchst\u00fcck, Halbpension, Vollpension Essen &amp; Trinken Ein umfassendes kulinarisches Erlebnis Das Food &amp; Drink-Angebot des Hotels Celeste reicht vom Fr\u00fchst\u00fcck bis zum Abendessen. Sie m\u00fcssen sich um nichts k\u00fcmmern: In Ihrer N\u00e4he finden Sie alle Dienstleistungen, die Sie ben\u00f6tigen. M\u00f6chten Sie den Tag mit der richtigen [&hellip;]<\/p>\n","protected":false},"author":1,"featured_media":17753,"parent":0,"menu_order":0,"comment_status":"closed","ping_status":"closed","template":"","meta":{"footnotes":""},"class_list":["post-2377","page","type-page","status-publish","has-post-thumbnail","hentry"],"_links":{"self":[{"href":"https:\/\/www.hotelceleste.com\/de\/wp-json\/wp\/v2\/pages\/2377","targetHints":{"allow":["GET"]}}],"collection":[{"href":"https:\/\/www.hotelceleste.com\/de\/wp-json\/wp\/v2\/pages"}],"about":[{"href":"https:\/\/www.hotelceleste.com\/de\/wp-json\/wp\/v2\/types\/page"}],"author":[{"embeddable":true,"href":"https:\/\/www.hotelceleste.com\/de\/wp-json\/wp\/v2\/users\/1"}],"replies":[{"embeddable":true,"href":"https:\/\/www.hotelceleste.com\/de\/wp-json\/wp\/v2\/comments?post=2377"}],"version-history":[{"count":7,"href":"https:\/\/www.hotelceleste.com\/de\/wp-json\/wp\/v2\/pages\/2377\/revisions"}],"predecessor-version":[{"id":17849,"href":"https:\/\/www.hotelceleste.com\/de\/wp-json\/wp\/v2\/pages\/2377\/revisions\/17849"}],"wp:featuredmedia":[{"embeddable":true,"href":"https:\/\/www.hotelceleste.com\/de\/wp-json\/wp\/v2\/media\/17753"}],"wp:attachment":[{"href":"https:\/\/www.hotelceleste.com\/de\/wp-json\/wp\/v2\/media?parent=2377"}],"curies":[{"name":"wp","href":"https:\/\/api.w.org\/{rel}","templated":true}]}}