{"id":2361,"date":"2025-01-22T22:18:54","date_gmt":"2025-01-22T21:18:54","guid":{"rendered":"https:\/\/hotelceleste.com\/genua\/"},"modified":"2025-02-20T10:06:35","modified_gmt":"2025-02-20T09:06:35","slug":"genua","status":"publish","type":"page","link":"https:\/\/www.hotelceleste.com\/de\/das-territorium\/genua\/","title":{"rendered":"Genua"},"content":{"rendered":"\t\t<div data-elementor-type=\"wp-page\" data-elementor-id=\"2361\" class=\"elementor elementor-2361 elementor-1442\" data-elementor-post-type=\"page\">\n\t\t\t\t<div class=\"elementor-element elementor-element-caf5756 e-con-full e-flex e-con e-parent\" data-id=\"caf5756\" data-element_type=\"container\" data-e-type=\"container\" data-settings=\"{&quot;jet_parallax_layout_list&quot;:[]}\">\n\t\t\t\t<div class=\"elementor-element elementor-element-b8a48d6 elementor--h-position-left elementor--v-position-bottom elementor-invisible elementor-widget elementor-widget-slides\" data-id=\"b8a48d6\" data-element_type=\"widget\" data-e-type=\"widget\" data-settings=\"{&quot;navigation&quot;:&quot;none&quot;,&quot;_animation&quot;:&quot;fadeIn&quot;,&quot;transition&quot;:&quot;fade&quot;,&quot;transition_speed&quot;:1000,&quot;autoplay&quot;:&quot;yes&quot;,&quot;autoplay_speed&quot;:5000,&quot;infinite&quot;:&quot;yes&quot;}\" data-widget_type=\"slides.default\">\n\t\t\t\t<div class=\"elementor-widget-container\">\n\t\t\t\t\t\t\t\t\t<div class=\"elementor-swiper\">\n\t\t\t\t\t<div class=\"elementor-slides-wrapper elementor-main-swiper swiper\" role=\"region\" aria-roledescription=\"carousel\" aria-label=\"Slides\" dir=\"ltr\" data-animation=\"\">\n\t\t\t\t<div class=\"swiper-wrapper elementor-slides\">\n\t\t\t\t\t\t\t\t\t\t<div class=\"elementor-repeater-item-30c8878 swiper-slide\" role=\"group\" aria-roledescription=\"slide\"><div class=\"swiper-slide-bg\" role=\"img\" aria-label=\"Genova\"><\/div><div class=\"swiper-slide-inner\" ><div class=\"swiper-slide-contents\"><h2 class=\"elementor-slide-heading\">Genua<\/h2><div class=\"elementor-slide-description\"><p>touristische Reiserouten<\/p>\n<\/div><\/div><\/div><\/div><div class=\"elementor-repeater-item-7600e75 swiper-slide\" role=\"group\" aria-roledescription=\"slide\"><div class=\"swiper-slide-bg\" role=\"img\" aria-label=\"Genova\"><\/div><div class=\"swiper-slide-inner\" ><div class=\"swiper-slide-contents\"><h2 class=\"elementor-slide-heading\">Genua<\/h2><div class=\"elementor-slide-description\"><p>touristische Reiserouten<\/p>\n<\/div><\/div><\/div><\/div><div class=\"elementor-repeater-item-b3b44f5 swiper-slide\" role=\"group\" aria-roledescription=\"slide\"><div class=\"swiper-slide-bg\" role=\"img\" aria-label=\"Genova\"><\/div><div class=\"swiper-slide-inner\" ><div class=\"swiper-slide-contents\"><h2 class=\"elementor-slide-heading\">Genua<\/h2><div class=\"elementor-slide-description\"><p>touristische Reiserouten<\/p>\n<\/div><\/div><\/div><\/div>\t\t\t\t<\/div>\n\t\t\t\t\t\t\t\t\t\t\t\t\t\t\t\t\t\t\t\t\t<\/div>\n\t\t\t\t<\/div>\n\t\t\t\t\t\t\t\t<\/div>\n\t\t\t\t<\/div>\n\t\t\t\t<\/div>\n\t\t<div class=\"elementor-element elementor-element-b91a40b e-con-full sfondo-rombo e-flex e-con e-parent\" data-id=\"b91a40b\" data-element_type=\"container\" data-e-type=\"container\" data-settings=\"{&quot;background_background&quot;:&quot;classic&quot;,&quot;jet_parallax_layout_list&quot;:[]}\">\n\t\t<div class=\"elementor-element elementor-element-925892e e-grid e-con-full e-con e-child\" data-id=\"925892e\" data-element_type=\"container\" data-e-type=\"container\" data-settings=\"{&quot;jet_parallax_layout_list&quot;:[]}\">\n\t\t\t\t<div class=\"elementor-element elementor-element-5eb0fee elementor-widget elementor-widget-image\" data-id=\"5eb0fee\" data-element_type=\"widget\" data-e-type=\"widget\" data-widget_type=\"image.default\">\n\t\t\t\t<div class=\"elementor-widget-container\">\n\t\t\t\t\t\t\t\t\t\t\t\t\t\t\t<img fetchpriority=\"high\" decoding=\"async\" width=\"1200\" height=\"800\" src=\"https:\/\/www.hotelceleste.com\/wp-content\/uploads\/2025\/01\/genova2.webp\" class=\"attachment-full size-full wp-image-2221\" alt=\"\" srcset=\"https:\/\/www.hotelceleste.com\/wp-content\/uploads\/2025\/01\/genova2.webp 1200w, https:\/\/www.hotelceleste.com\/wp-content\/uploads\/2025\/01\/genova2-300x200.webp 300w, https:\/\/www.hotelceleste.com\/wp-content\/uploads\/2025\/01\/genova2-1024x683.webp 1024w, https:\/\/www.hotelceleste.com\/wp-content\/uploads\/2025\/01\/genova2-768x512.webp 768w\" sizes=\"(max-width: 1200px) 100vw, 1200px\" \/>\t\t\t\t\t\t\t\t\t\t\t\t\t\t\t<\/div>\n\t\t\t\t<\/div>\n\t\t<div class=\"elementor-element elementor-element-00c3c79 e-con-full e-flex e-con e-child\" data-id=\"00c3c79\" data-element_type=\"container\" data-e-type=\"container\" data-settings=\"{&quot;jet_parallax_layout_list&quot;:[]}\">\n\t\t\t\t<div class=\"elementor-element elementor-element-25e688f animated-fast elementor-invisible elementor-widget elementor-widget-text-editor\" data-id=\"25e688f\" data-element_type=\"widget\" data-e-type=\"widget\" data-settings=\"{&quot;_animation&quot;:&quot;slideInDown&quot;}\" data-widget_type=\"text-editor.default\">\n\t\t\t\t<div class=\"elementor-widget-container\">\n\t\t\t\t\t\t\t\t\t<p>Genua<\/p>\t\t\t\t\t\t\t\t<\/div>\n\t\t\t\t<\/div>\n\t\t\t\t<div class=\"elementor-element elementor-element-600be28 elementor-widget__width-initial elementor-invisible elementor-widget elementor-widget-heading\" data-id=\"600be28\" data-element_type=\"widget\" data-e-type=\"widget\" data-settings=\"{&quot;_animation&quot;:&quot;slideInUp&quot;,&quot;_animation_delay&quot;:0}\" data-widget_type=\"heading.default\">\n\t\t\t\t<div class=\"elementor-widget-container\">\n\t\t\t\t\t<h1 class=\"elementor-heading-title elementor-size-default\">Historisches Zentrum<\/h1>\t\t\t\t<\/div>\n\t\t\t\t<\/div>\n\t\t\t\t<div class=\"elementor-element elementor-element-bf5471f elementor-widget__width-initial elementor-invisible elementor-widget elementor-widget-text-editor\" data-id=\"bf5471f\" data-element_type=\"widget\" data-e-type=\"widget\" data-settings=\"{&quot;_animation&quot;:&quot;slideInUp&quot;,&quot;_animation_delay&quot;:0}\" data-widget_type=\"text-editor.default\">\n\t\t\t\t<div class=\"elementor-widget-container\">\n\t\t\t\t\t\t\t\t\t<p><strong>Das historische Zentrum von Genua<\/strong> ist der Kern der Altstadt, der sich in einem Labyrinth von Gassen (caruggi) mittelalterlichen Ursprungs befindet, das sich &#8211; von Osten nach Westen &#8211; vom H\u00fcgel Carignano bis zum Bahnhof Genua Piazza Principe erstreckt, in der N\u00e4he des ehemaligen <strong>Palazzo del Principe<\/strong>, der Residenz von Admiral Andrea Doria.<\/p><p>Aufgrund der Ausdehnung des urspr\u00fcnglichen Kerns von 1,13 km\u00b2 (d. h. 113 Hektar, die Fl\u00e4che der Stadtteile Pr\u00e8-Molo-Maddalena) wird er manchmal als der gr\u00f6\u00dfte alte Stadtkern Europas angesehen. In Wirklichkeit handelt es sich dabei um eine urbane Legende, denn die Ausdehnung ist geringer als die von Rom (1.430 Hektar) und Neapel (mit 1.700 Hektar die gr\u00f6\u00dfte), aber auch von Pisa selbst (185 Hektar). <\/p>\t\t\t\t\t\t\t\t<\/div>\n\t\t\t\t<\/div>\n\t\t\t\t<\/div>\n\t\t\t\t<\/div>\n\t\t\t\t<\/div>\n\t\t<div class=\"elementor-element elementor-element-0fda94a e-con-full sfondo-rombo e-flex e-con e-parent\" data-id=\"0fda94a\" data-element_type=\"container\" data-e-type=\"container\" data-settings=\"{&quot;background_background&quot;:&quot;classic&quot;,&quot;jet_parallax_layout_list&quot;:[]}\">\n\t\t<div class=\"elementor-element elementor-element-a2545cb e-grid e-con-full e-con e-child\" data-id=\"a2545cb\" data-element_type=\"container\" data-e-type=\"container\" data-settings=\"{&quot;jet_parallax_layout_list&quot;:[]}\">\n\t\t<div class=\"elementor-element elementor-element-07d8782 e-con-full e-flex e-con e-child\" data-id=\"07d8782\" data-element_type=\"container\" data-e-type=\"container\" data-settings=\"{&quot;jet_parallax_layout_list&quot;:[]}\">\n\t\t\t\t<div class=\"elementor-element elementor-element-b042ea2 animated-fast elementor-invisible elementor-widget elementor-widget-text-editor\" data-id=\"b042ea2\" data-element_type=\"widget\" data-e-type=\"widget\" data-settings=\"{&quot;_animation&quot;:&quot;slideInDown&quot;}\" data-widget_type=\"text-editor.default\">\n\t\t\t\t<div class=\"elementor-widget-container\">\n\t\t\t\t\t\t\t\t\t<p>Genua<\/p>\t\t\t\t\t\t\t\t<\/div>\n\t\t\t\t<\/div>\n\t\t\t\t<div class=\"elementor-element elementor-element-8a854a7 elementor-widget__width-initial elementor-invisible elementor-widget elementor-widget-heading\" data-id=\"8a854a7\" data-element_type=\"widget\" data-e-type=\"widget\" data-settings=\"{&quot;_animation&quot;:&quot;slideInUp&quot;,&quot;_animation_delay&quot;:0}\" data-widget_type=\"heading.default\">\n\t\t\t\t<div class=\"elementor-widget-container\">\n\t\t\t\t\t<h1 class=\"elementor-heading-title elementor-size-default\">Aquarium von Genua<\/h1>\t\t\t\t<\/div>\n\t\t\t\t<\/div>\n\t\t\t\t<div class=\"elementor-element elementor-element-fca68f8 elementor-widget__width-initial elementor-invisible elementor-widget elementor-widget-text-editor\" data-id=\"fca68f8\" data-element_type=\"widget\" data-e-type=\"widget\" data-settings=\"{&quot;_animation&quot;:&quot;slideInUp&quot;,&quot;_animation_delay&quot;:0}\" data-widget_type=\"text-editor.default\">\n\t\t\t\t<div class=\"elementor-widget-container\">\n\t\t\t\t\t\t\t\t\t<p><strong>Das Aquarium von Genua ist das gr\u00f6\u00dfte Aquarium Italiens<\/strong>, das zweitgr\u00f6\u00dfte Europas (nach Valencia in Spanien) und das neuntgr\u00f6\u00dfte der Welt. Es befindet sich in Ponte Spinola, im alten Hafen von Genua aus dem 16. Jahrhundert. <\/p><p>Das Aquarium wurde 1992 anl\u00e4sslich der Colombiadi, der Expo zur Feier des 500. Jahrestages der Entdeckung Amerikas, eingeweiht. Das Design der Struktur und der Umgebung stammt von dem Architekten <strong>Renzo Piano<\/strong>, die Inneneinrichtung von dem Architekten <strong>Peter Chermayeff<\/strong>. <\/p><p>Sp\u00e4ter wurde es mehrmals erweitert. Zum Zeitpunkt seiner Er\u00f6ffnung war es das <strong>zweitgr\u00f6\u00dfte Aquarium der Welt<\/strong>. <br>Seit seiner Er\u00f6ffnung bis 2014 wurde es von mehr als 25 Millionen Besuchern besucht, im Durchschnitt 1,2 Millionen pro Jahr. <\/p>\t\t\t\t\t\t\t\t<\/div>\n\t\t\t\t<\/div>\n\t\t\t\t<\/div>\n\t\t\t\t<div class=\"elementor-element elementor-element-67ab682 elementor-widget elementor-widget-image\" data-id=\"67ab682\" data-element_type=\"widget\" data-e-type=\"widget\" data-widget_type=\"image.default\">\n\t\t\t\t<div class=\"elementor-widget-container\">\n\t\t\t\t\t\t\t\t\t\t\t\t\t\t\t<img decoding=\"async\" width=\"1024\" height=\"768\" src=\"https:\/\/www.hotelceleste.com\/wp-content\/uploads\/2025\/01\/acquario.jpg\" class=\"attachment-full size-full wp-image-2218\" alt=\"\" srcset=\"https:\/\/www.hotelceleste.com\/wp-content\/uploads\/2025\/01\/acquario.jpg 1024w, https:\/\/www.hotelceleste.com\/wp-content\/uploads\/2025\/01\/acquario-300x225.jpg 300w, https:\/\/www.hotelceleste.com\/wp-content\/uploads\/2025\/01\/acquario-768x576.jpg 768w\" sizes=\"(max-width: 1024px) 100vw, 1024px\" \/>\t\t\t\t\t\t\t\t\t\t\t\t\t\t\t<\/div>\n\t\t\t\t<\/div>\n\t\t\t\t<\/div>\n\t\t\t\t<\/div>\n\t\t<div class=\"elementor-element elementor-element-d806192 e-con-full sfondo-rombo e-flex e-con e-parent\" data-id=\"d806192\" data-element_type=\"container\" data-e-type=\"container\" data-settings=\"{&quot;background_background&quot;:&quot;classic&quot;,&quot;jet_parallax_layout_list&quot;:[]}\">\n\t\t<div class=\"elementor-element elementor-element-3199478 e-grid e-con-full e-con e-child\" data-id=\"3199478\" data-element_type=\"container\" data-e-type=\"container\" data-settings=\"{&quot;jet_parallax_layout_list&quot;:[]}\">\n\t\t\t\t<div class=\"elementor-element elementor-element-7682293 elementor-widget elementor-widget-image\" data-id=\"7682293\" data-element_type=\"widget\" data-e-type=\"widget\" data-widget_type=\"image.default\">\n\t\t\t\t<div class=\"elementor-widget-container\">\n\t\t\t\t\t\t\t\t\t\t\t\t\t\t\t<img decoding=\"async\" width=\"1903\" height=\"1269\" src=\"https:\/\/www.hotelceleste.com\/wp-content\/uploads\/2025\/01\/genova02-1.webp\" class=\"attachment-full size-full wp-image-2215\" alt=\"\" srcset=\"https:\/\/www.hotelceleste.com\/wp-content\/uploads\/2025\/01\/genova02-1.webp 1903w, https:\/\/www.hotelceleste.com\/wp-content\/uploads\/2025\/01\/genova02-1-300x200.webp 300w, https:\/\/www.hotelceleste.com\/wp-content\/uploads\/2025\/01\/genova02-1-1024x683.webp 1024w, https:\/\/www.hotelceleste.com\/wp-content\/uploads\/2025\/01\/genova02-1-768x512.webp 768w, https:\/\/www.hotelceleste.com\/wp-content\/uploads\/2025\/01\/genova02-1-1536x1024.webp 1536w\" sizes=\"(max-width: 1903px) 100vw, 1903px\" \/>\t\t\t\t\t\t\t\t\t\t\t\t\t\t\t<\/div>\n\t\t\t\t<\/div>\n\t\t<div class=\"elementor-element elementor-element-b54249e e-con-full e-flex e-con e-child\" data-id=\"b54249e\" data-element_type=\"container\" data-e-type=\"container\" data-settings=\"{&quot;jet_parallax_layout_list&quot;:[]}\">\n\t\t\t\t<div class=\"elementor-element elementor-element-e6220a4 animated-fast elementor-invisible elementor-widget elementor-widget-text-editor\" data-id=\"e6220a4\" data-element_type=\"widget\" data-e-type=\"widget\" data-settings=\"{&quot;_animation&quot;:&quot;slideInDown&quot;}\" data-widget_type=\"text-editor.default\">\n\t\t\t\t<div class=\"elementor-widget-container\">\n\t\t\t\t\t\t\t\t\t<p>Genua<\/p>\t\t\t\t\t\t\t\t<\/div>\n\t\t\t\t<\/div>\n\t\t\t\t<div class=\"elementor-element elementor-element-f0572d4 elementor-widget__width-initial elementor-invisible elementor-widget elementor-widget-heading\" data-id=\"f0572d4\" data-element_type=\"widget\" data-e-type=\"widget\" data-settings=\"{&quot;_animation&quot;:&quot;slideInUp&quot;,&quot;_animation_delay&quot;:0}\" data-widget_type=\"heading.default\">\n\t\t\t\t<div class=\"elementor-widget-container\">\n\t\t\t\t\t<h1 class=\"elementor-heading-title elementor-size-default\">Der alte Hafen<\/h1>\t\t\t\t<\/div>\n\t\t\t\t<\/div>\n\t\t\t\t<div class=\"elementor-element elementor-element-bcf1075 elementor-widget__width-initial elementor-invisible elementor-widget elementor-widget-text-editor\" data-id=\"bcf1075\" data-element_type=\"widget\" data-e-type=\"widget\" data-settings=\"{&quot;_animation&quot;:&quot;slideInUp&quot;,&quot;_animation_delay&quot;:0}\" data-widget_type=\"text-editor.default\">\n\t\t\t\t<div class=\"elementor-widget-container\">\n\t\t\t\t\t\t\t\t\t<p>Die Sanierung wurde Anfang der 1990er Jahre an der Stelle abgeschlossen, an der sich einst das Herz des Hafens befand &#8211; das Reich der Camalli, die zur Caravana Company geh\u00f6rten &#8211; und das viele Jahrzehnte lang ungenutzt geblieben war.<\/p><p>Heute bilden die Buchten, die sich ohne Unterbrechung aneinanderreihen, auch wenn sie unterschiedliche Namen tragen, den <strong>Porto Antico<\/strong>, einen gro\u00dfen Platz am Meer, auf dem sich neben dem <strong>Aquarium<\/strong> zahlreiche <strong>Kunst-<\/strong>, <strong>Museums-, Tourismus-, Messe- und Unterhaltungseinrichtungen<\/strong> auf einer Fl\u00e4che von mehr als 230.000 Quadratmetern befinden. Damit ist er <strong>der gr\u00f6\u00dfte Platz der Stadt<\/strong> vor der Piazza della Vittoria und zusammen mit dieser und der Piazza De Ferrari der wichtigste.<\/p>\t\t\t\t\t\t\t\t<\/div>\n\t\t\t\t<\/div>\n\t\t\t\t<\/div>\n\t\t\t\t<\/div>\n\t\t\t\t<\/div>\n\t\t\t\t<\/div>\n\t\t","protected":false},"excerpt":{"rendered":"<p>Genua touristische Reiserouten Genua touristische Reiserouten Genua touristische Reiserouten Genua Historisches Zentrum Das historische Zentrum von Genua ist der Kern der Altstadt, der sich in einem Labyrinth von Gassen (caruggi) mittelalterlichen Ursprungs befindet, das sich &#8211; von Osten nach Westen &#8211; vom H\u00fcgel Carignano bis zum Bahnhof Genua Piazza Principe erstreckt, in der N\u00e4he des [&hellip;]<\/p>\n","protected":false},"author":1,"featured_media":2146,"parent":2457,"menu_order":0,"comment_status":"closed","ping_status":"closed","template":"","meta":{"footnotes":""},"class_list":["post-2361","page","type-page","status-publish","has-post-thumbnail","hentry"],"_links":{"self":[{"href":"https:\/\/www.hotelceleste.com\/de\/wp-json\/wp\/v2\/pages\/2361","targetHints":{"allow":["GET"]}}],"collection":[{"href":"https:\/\/www.hotelceleste.com\/de\/wp-json\/wp\/v2\/pages"}],"about":[{"href":"https:\/\/www.hotelceleste.com\/de\/wp-json\/wp\/v2\/types\/page"}],"author":[{"embeddable":true,"href":"https:\/\/www.hotelceleste.com\/de\/wp-json\/wp\/v2\/users\/1"}],"replies":[{"embeddable":true,"href":"https:\/\/www.hotelceleste.com\/de\/wp-json\/wp\/v2\/comments?post=2361"}],"version-history":[{"count":3,"href":"https:\/\/www.hotelceleste.com\/de\/wp-json\/wp\/v2\/pages\/2361\/revisions"}],"predecessor-version":[{"id":2811,"href":"https:\/\/www.hotelceleste.com\/de\/wp-json\/wp\/v2\/pages\/2361\/revisions\/2811"}],"up":[{"embeddable":true,"href":"https:\/\/www.hotelceleste.com\/de\/wp-json\/wp\/v2\/pages\/2457"}],"wp:featuredmedia":[{"embeddable":true,"href":"https:\/\/www.hotelceleste.com\/de\/wp-json\/wp\/v2\/media\/2146"}],"wp:attachment":[{"href":"https:\/\/www.hotelceleste.com\/de\/wp-json\/wp\/v2\/media?parent=2361"}],"curies":[{"name":"wp","href":"https:\/\/api.w.org\/{rel}","templated":true}]}}